{"id":339,"date":"2021-03-25T19:26:08","date_gmt":"2021-03-25T19:26:08","guid":{"rendered":"https:\/\/surveys.ioc-cd.org\/?page_id=339"},"modified":"2021-06-07T08:11:16","modified_gmt":"2021-06-07T08:11:16","slug":"ioc-focal-points-question-2-10-what-other-specific-support-can-ioc-global-and-regional-programmes-goos-iode-mpr-tsunami-etc-provide-to-contribute-to-addressing-your-countrys-cd-requi","status":"publish","type":"page","link":"https:\/\/surveys.ioc-cd.org\/index.php\/ioc-focal-points-question-2-10-what-other-specific-support-can-ioc-global-and-regional-programmes-goos-iode-mpr-tsunami-etc-provide-to-contribute-to-addressing-your-countrys-cd-requi\/","title":{"rendered":"IOC Focal points: Question 2.10: What other specific support can IOC global and regional programmes (GOOS, IODE, MPR, tsunami, etc.) provide to contribute to addressing your country\u2019s CD requirements?"},"content":{"rendered":"\n<p class=\"has-text-align-right\"><strong><a href=\"https:\/\/surveys.ioc-cd.org\/index.php\/ioc-focal-points-question-2-9-online-data-and-information-resources-how-often-do-you-use-the-following-marine-information-portals-in-performing-your-essential-functions\/\">Previous Page <\/a>| <a href=\"https:\/\/surveys.ioc-cd.org\/index.php\/cd-focal-points-question-2-11-in-terms-of-developing-an-overall-implementation-plan-for-the-ioc-cd-strategy-http-www-ioc-cd-org-strategy-are-there-any-other-cd-efforts-and-supports-not-previous-2\/\">Next Page<\/a><\/strong><\/p>\n\n\n\n<p>.<\/p>\n\n\n\n<figure class=\"wp-block-table\"><table><tbody><tr><td><strong>Country<\/strong><\/td><td><strong>Institution<\/strong><\/td><td><strong>Your Position<\/strong><\/td><td><strong>Gender<\/strong><\/td><td><strong>What other specific support can IOC global and regional programmes (GOOS, IODE, MPR, tsunami, etc.) provide to contribute to addressing your country\u2019s CD requirements?<\/strong><strong><\/strong><\/td><\/tr><tr><td>Argentina<\/td><td>Servicio de Hidrograf\u00c3\u00ada Naval<\/td><td>Technical Secretary<\/td><td>Male<\/td><td>&nbsp;<\/td><\/tr><tr><td>Benin<\/td><td>Institut de Recherches Halieutiques et Oc\u00e9anologiques du B\u00e9nin (IRHOB)<\/td><td>Director<\/td><td>&nbsp;<\/td><td>IODE, GOOS, MPR<\/td><\/tr><tr><td>Chile<\/td><td>CHILEAN NAVY HYDROGRAPHIC AND OCEANOGRAPHIC SERVICE<\/td><td>DIRECTOR<\/td><td>Male<\/td><td>The cooperation between SHOA and the IOC Programmes is highly satisfactory&nbsp;&nbsp;&nbsp;&nbsp;<\/td><\/tr><tr><td>Colombia<\/td><td>Colombian Ocean Commission<\/td><td>International Adviser<\/td><td>Female<\/td><td>1. Articulation for financing small, medium, and large-scale projects.&nbsp;&nbsp;2. Creation of a regional network of young people in ocean sciences to strengthen participation and dissemination of information.&nbsp;&nbsp;3. Organization and congregation of public, private, or academic entities through the National Technical Committees&nbsp;&nbsp;4. Leadership and support in the development of chairs or virtual courses.<\/td><\/tr><tr><td>Comoros<\/td><td>Universit\u00e9 des Comores<\/td><td>Lecturer<\/td><td>Male<\/td><td>&nbsp;<\/td><\/tr><tr><td>Democratic People&#8217;s Republic of Korea<\/td><td>State Hydro-Meteorological Administration&nbsp;<\/td><td>Director<\/td><td>Male<\/td><td>Methodology, Framework, Roadmap, Technnology and Data<\/td><\/tr><tr><td>Egypt<\/td><td>National Institute of Oceanography and Fisheries<\/td><td>President of National Institute of Oceanography and Fisheries<\/td><td>Male<\/td><td>&nbsp;<\/td><\/tr><tr><td>El Salvador<\/td><td>Ministerio de Medio Ambiente y Recursos Naturales<\/td><td>Especialista en Oceanograf\u00eda<\/td><td>Male<\/td><td>&nbsp;<\/td><\/tr><tr><td>Estonia<\/td><td>Ministry of the Environment of Estonia<\/td><td>Coordinator<\/td><td>Male<\/td><td>&nbsp;<\/td><\/tr><tr><td>Finland<\/td><td>Finnish Meteorological Institute<\/td><td>Safety, Head of Group<\/td><td>Female<\/td><td>&#8211;<\/td><\/tr><tr><td>France<\/td><td>Comit\u00e9 national fran\u00e7ais pour la COI<\/td><td>Pr\u00e9sidente<\/td><td>Female<\/td><td>&nbsp;<\/td><\/tr><tr><td>Germany<\/td><td>Federal Maritime and Hydrographic Agency<\/td><td>Secretariat of German IOC-Section<\/td><td>Male<\/td><td>&nbsp;<\/td><\/tr><tr><td>Guinea<\/td><td>Centre de Recherche Scientifique de Conakry Rogban\u00e8 (CERESCOR)<\/td><td>Chercheur Oc\u00e9anographe \/ Directeur Ecole Doctorale en Oc\u00e9anographie, Environnement Marin et C\u00f4tier<\/td><td>Male<\/td><td>GOOS,&nbsp;&nbsp;MPR&nbsp;&nbsp;OCEAN DATA (IODE)&nbsp;&nbsp;..<\/td><\/tr><tr><td>India<\/td><td>INCOIS<\/td><td>Director<\/td><td>Male<\/td><td>Strengthen support to GRA Activities in the IO Related to IOGOOS in terms of resources for regional projects &amp; Capacity Building<\/td><\/tr><tr><td>Iran (Islamic Republic of)<\/td><td>Iranian National Institute for Oceanography and Atmospheric Science<\/td><td>Director<\/td><td>Male<\/td><td>&nbsp;<\/td><\/tr><tr><td>Kenya<\/td><td>Kenya Marine and Fisheries Research Institute<\/td><td>Director-Focal Point 3<\/td><td>Male<\/td><td>Sharing of data and experts especially in looking at our datasets or archived data and developing documents or products at can contribute t a regional and global initiative<\/td><\/tr><tr><td>Kuwait<\/td><td>Kuwait Institute for Scientific Research<\/td><td>Principal Research Scientist, Kuwait Representative to IOC&nbsp;<\/td><td>Female<\/td><td>Specified training in IODE, Establishing NODC<\/td><\/tr><tr><td>Lebanon<\/td><td>National Centre for Marine Sciences-CNRSL<\/td><td>Director of the Centre &amp; Researcher<\/td><td>Male<\/td><td>Increase knowledge and capacity building as well as get access to global oceanographic data<\/td><\/tr><tr><td>Mexico<\/td><td>MEXICO NODC<\/td><td>Coordinator<\/td><td>Male<\/td><td>GOOS<\/td><\/tr><tr><td>Morocco<\/td><td>INRH<\/td><td>National Focal Point&nbsp;<\/td><td>Male<\/td><td>&nbsp;<\/td><\/tr><tr><td>Nigeria<\/td><td>Nigerian Institute for Oceanography and Marine Research&nbsp;<\/td><td>Director&nbsp;<\/td><td>Male<\/td><td>By budgeting and coordinating these regional programmes at local or regional leve<\/td><\/tr><tr><td>Pakistan<\/td><td>National Institute of Oceanography<\/td><td>Senior Research Scientist<\/td><td>Female<\/td><td>CD in regional training centers, participation in ship and ocean observation programs in the region, collaboration projects in special interest ocean observations such as Ocean Acidification, Micro-plastics, etc.&nbsp;<\/td><\/tr><tr><td>Panama<\/td><td>Autoridad Mar\u00edtima de Panam\u00e1<\/td><td>Jefe de Ambiente&nbsp;<\/td><td>Male<\/td><td>Cartas Batim\u00e9tricos, estudios Oceanogr\u00e1ficas, fisicoqu\u00edmicos del agua, Pacifico y Caribe.<\/td><\/tr><tr><td>Peru<\/td><td>Direcci\u00c3\u00b3n de Hidrograf\u00c3\u00ada y Navegaci\u00c3\u00b3n &#8211; Per\u00c3\u00ba<\/td><td>Director<\/td><td>Male<\/td><td>Support in capacity development and data management<\/td><\/tr><tr><td>Portugal<\/td><td>Instituto Hidrografico<\/td><td>Oceanographer<\/td><td>Female<\/td><td>Trainning<\/td><\/tr><tr><td>Sudan<\/td><td>UNESCO Chair on Marine Biology and Oceanography \/ Sudan<\/td><td>Chairholder<\/td><td>Male<\/td><td>&nbsp;<\/td><\/tr><tr><td>Sweden<\/td><td>SMHI<\/td><td>Senior oceanographer\/data manager<\/td><td>Female<\/td><td>&#8212;-<\/td><\/tr><tr><td>Togo<\/td><td>University of Lome<\/td><td>Lecturer, IOC National Focal Point<\/td><td>Male<\/td><td>What is already proposed is sufficient for our country.&nbsp;<\/td><\/tr><tr><td>Tunisia<\/td><td>Institut National des Sciences et Technologies de la Mer (INSTM)<\/td><td>Professor<\/td><td>Male<\/td><td>&nbsp;<\/td><\/tr><tr><td>United Republic of Tanzania<\/td><td>Institute of Marine Sciences, UDSM<\/td><td>PO box 668, Zanzibar, Tanzania<\/td><td>Male<\/td><td>So far, no any additional specific support to add.<\/td><\/tr><tr><td>Vietnam<\/td><td>Institute of Oceanography, Vietnam Academy of Science and Technology<\/td><td>Director<\/td><td>Female<\/td><td>GOOS, IODE<\/td><\/tr><\/tbody><\/table><\/figure>\n","protected":false},"excerpt":{"rendered":"<p>Previous Page | Next Page . Country Institution Your Position Gender What other specific support can IOC global and regional programmes (GOOS, IODE, MPR, tsunami,&#8230;<\/p>\n<div class=\"more-link-wrapper\"><a class=\"more-link\" href=\"https:\/\/surveys.ioc-cd.org\/index.php\/ioc-focal-points-question-2-10-what-other-specific-support-can-ioc-global-and-regional-programmes-goos-iode-mpr-tsunami-etc-provide-to-contribute-to-addressing-your-countrys-cd-requi\/\">Continue reading<span class=\"screen-reader-text\">IOC Focal points: Question 2.10: What other specific support can IOC global and regional programmes (GOOS, IODE, MPR, tsunami, etc.) provide to contribute to addressing your country\u2019s CD requirements?<\/span><\/a><\/div>\n","protected":false},"author":3,"featured_media":0,"parent":0,"menu_order":0,"comment_status":"closed","ping_status":"closed","template":"templates\/full-width.php","meta":{"footnotes":""},"class_list":["post-339","page","type-page","status-publish","hentry","entry"],"yoast_head":"<!-- This site is optimized with the Yoast SEO plugin v27.5 - https:\/\/yoast.com\/product\/yoast-seo-wordpress\/ -->\n<title>IOC Focal points: Question 2.10: What other specific support can IOC global and regional programmes (GOOS, IODE, MPR, tsunami, etc.) provide to contribute to addressing your country\u2019s CD requirements? - Surveys for IOC-CD<\/title>\n<meta name=\"robots\" content=\"index, follow, max-snippet:-1, max-image-preview:large, max-video-preview:-1\" \/>\n<link rel=\"canonical\" href=\"https:\/\/surveys.ioc-cd.org\/index.php\/ioc-focal-points-question-2-10-what-other-specific-support-can-ioc-global-and-regional-programmes-goos-iode-mpr-tsunami-etc-provide-to-contribute-to-addressing-your-countrys-cd-requi\/\" \/>\n<meta property=\"og:locale\" content=\"en_US\" \/>\n<meta property=\"og:type\" content=\"article\" \/>\n<meta property=\"og:title\" content=\"IOC Focal points: Question 2.10: What other specific support can IOC global and regional programmes (GOOS, IODE, MPR, tsunami, etc.) provide to contribute to addressing your country\u2019s CD requirements? - Surveys for IOC-CD\" \/>\n<meta property=\"og:description\" content=\"Previous Page | Next Page . Country Institution Your Position Gender What other specific support can IOC global and regional programmes (GOOS, IODE, MPR, tsunami,&#8230;\" \/>\n<meta property=\"og:url\" content=\"https:\/\/surveys.ioc-cd.org\/index.php\/ioc-focal-points-question-2-10-what-other-specific-support-can-ioc-global-and-regional-programmes-goos-iode-mpr-tsunami-etc-provide-to-contribute-to-addressing-your-countrys-cd-requi\/\" \/>\n<meta property=\"og:site_name\" content=\"Surveys for IOC-CD\" \/>\n<meta property=\"article:modified_time\" content=\"2021-06-07T08:11:16+00:00\" \/>\n<meta name=\"twitter:card\" content=\"summary_large_image\" \/>\n<meta name=\"twitter:label1\" content=\"Est. reading time\" \/>\n\t<meta name=\"twitter:data1\" content=\"3 minutes\" \/>\n<script type=\"application\/ld+json\" class=\"yoast-schema-graph\">{\"@context\":\"https:\\\/\\\/schema.org\",\"@graph\":[{\"@type\":\"WebPage\",\"@id\":\"https:\\\/\\\/surveys.ioc-cd.org\\\/index.php\\\/ioc-focal-points-question-2-10-what-other-specific-support-can-ioc-global-and-regional-programmes-goos-iode-mpr-tsunami-etc-provide-to-contribute-to-addressing-your-countrys-cd-requi\\\/\",\"url\":\"https:\\\/\\\/surveys.ioc-cd.org\\\/index.php\\\/ioc-focal-points-question-2-10-what-other-specific-support-can-ioc-global-and-regional-programmes-goos-iode-mpr-tsunami-etc-provide-to-contribute-to-addressing-your-countrys-cd-requi\\\/\",\"name\":\"IOC Focal points: Question 2.10: What other specific support can IOC global and regional programmes (GOOS, IODE, MPR, tsunami, etc.) provide to contribute to addressing your country\u2019s CD requirements? - Surveys for IOC-CD\",\"isPartOf\":{\"@id\":\"https:\\\/\\\/surveys.ioc-cd.org\\\/#website\"},\"datePublished\":\"2021-03-25T19:26:08+00:00\",\"dateModified\":\"2021-06-07T08:11:16+00:00\",\"breadcrumb\":{\"@id\":\"https:\\\/\\\/surveys.ioc-cd.org\\\/index.php\\\/ioc-focal-points-question-2-10-what-other-specific-support-can-ioc-global-and-regional-programmes-goos-iode-mpr-tsunami-etc-provide-to-contribute-to-addressing-your-countrys-cd-requi\\\/#breadcrumb\"},\"inLanguage\":\"en-US\",\"potentialAction\":[{\"@type\":\"ReadAction\",\"target\":[\"https:\\\/\\\/surveys.ioc-cd.org\\\/index.php\\\/ioc-focal-points-question-2-10-what-other-specific-support-can-ioc-global-and-regional-programmes-goos-iode-mpr-tsunami-etc-provide-to-contribute-to-addressing-your-countrys-cd-requi\\\/\"]}]},{\"@type\":\"BreadcrumbList\",\"@id\":\"https:\\\/\\\/surveys.ioc-cd.org\\\/index.php\\\/ioc-focal-points-question-2-10-what-other-specific-support-can-ioc-global-and-regional-programmes-goos-iode-mpr-tsunami-etc-provide-to-contribute-to-addressing-your-countrys-cd-requi\\\/#breadcrumb\",\"itemListElement\":[{\"@type\":\"ListItem\",\"position\":1,\"name\":\"Home\",\"item\":\"https:\\\/\\\/surveys.ioc-cd.org\\\/\"},{\"@type\":\"ListItem\",\"position\":2,\"name\":\"IOC Focal points: Question 2.10: What other specific support can IOC global and regional programmes (GOOS, IODE, MPR, tsunami, etc.) provide to contribute to addressing your country\u2019s CD requirements?\"}]},{\"@type\":\"WebSite\",\"@id\":\"https:\\\/\\\/surveys.ioc-cd.org\\\/#website\",\"url\":\"https:\\\/\\\/surveys.ioc-cd.org\\\/\",\"name\":\"Surveys for IOC-CD\",\"description\":\"IOC Capacity Development surveys results\",\"potentialAction\":[{\"@type\":\"SearchAction\",\"target\":{\"@type\":\"EntryPoint\",\"urlTemplate\":\"https:\\\/\\\/surveys.ioc-cd.org\\\/?s={search_term_string}\"},\"query-input\":{\"@type\":\"PropertyValueSpecification\",\"valueRequired\":true,\"valueName\":\"search_term_string\"}}],\"inLanguage\":\"en-US\"}]}<\/script>\n<!-- \/ Yoast SEO plugin. -->","yoast_head_json":{"title":"IOC Focal points: Question 2.10: What other specific support can IOC global and regional programmes (GOOS, IODE, MPR, tsunami, etc.) provide to contribute to addressing your country\u2019s CD requirements? - Surveys for IOC-CD","robots":{"index":"index","follow":"follow","max-snippet":"max-snippet:-1","max-image-preview":"max-image-preview:large","max-video-preview":"max-video-preview:-1"},"canonical":"https:\/\/surveys.ioc-cd.org\/index.php\/ioc-focal-points-question-2-10-what-other-specific-support-can-ioc-global-and-regional-programmes-goos-iode-mpr-tsunami-etc-provide-to-contribute-to-addressing-your-countrys-cd-requi\/","og_locale":"en_US","og_type":"article","og_title":"IOC Focal points: Question 2.10: What other specific support can IOC global and regional programmes (GOOS, IODE, MPR, tsunami, etc.) provide to contribute to addressing your country\u2019s CD requirements? - Surveys for IOC-CD","og_description":"Previous Page | Next Page . Country Institution Your Position Gender What other specific support can IOC global and regional programmes (GOOS, IODE, MPR, tsunami,&#8230;","og_url":"https:\/\/surveys.ioc-cd.org\/index.php\/ioc-focal-points-question-2-10-what-other-specific-support-can-ioc-global-and-regional-programmes-goos-iode-mpr-tsunami-etc-provide-to-contribute-to-addressing-your-countrys-cd-requi\/","og_site_name":"Surveys for IOC-CD","article_modified_time":"2021-06-07T08:11:16+00:00","twitter_card":"summary_large_image","twitter_misc":{"Est. reading time":"3 minutes"},"schema":{"@context":"https:\/\/schema.org","@graph":[{"@type":"WebPage","@id":"https:\/\/surveys.ioc-cd.org\/index.php\/ioc-focal-points-question-2-10-what-other-specific-support-can-ioc-global-and-regional-programmes-goos-iode-mpr-tsunami-etc-provide-to-contribute-to-addressing-your-countrys-cd-requi\/","url":"https:\/\/surveys.ioc-cd.org\/index.php\/ioc-focal-points-question-2-10-what-other-specific-support-can-ioc-global-and-regional-programmes-goos-iode-mpr-tsunami-etc-provide-to-contribute-to-addressing-your-countrys-cd-requi\/","name":"IOC Focal points: Question 2.10: What other specific support can IOC global and regional programmes (GOOS, IODE, MPR, tsunami, etc.) provide to contribute to addressing your country\u2019s CD requirements? - Surveys for IOC-CD","isPartOf":{"@id":"https:\/\/surveys.ioc-cd.org\/#website"},"datePublished":"2021-03-25T19:26:08+00:00","dateModified":"2021-06-07T08:11:16+00:00","breadcrumb":{"@id":"https:\/\/surveys.ioc-cd.org\/index.php\/ioc-focal-points-question-2-10-what-other-specific-support-can-ioc-global-and-regional-programmes-goos-iode-mpr-tsunami-etc-provide-to-contribute-to-addressing-your-countrys-cd-requi\/#breadcrumb"},"inLanguage":"en-US","potentialAction":[{"@type":"ReadAction","target":["https:\/\/surveys.ioc-cd.org\/index.php\/ioc-focal-points-question-2-10-what-other-specific-support-can-ioc-global-and-regional-programmes-goos-iode-mpr-tsunami-etc-provide-to-contribute-to-addressing-your-countrys-cd-requi\/"]}]},{"@type":"BreadcrumbList","@id":"https:\/\/surveys.ioc-cd.org\/index.php\/ioc-focal-points-question-2-10-what-other-specific-support-can-ioc-global-and-regional-programmes-goos-iode-mpr-tsunami-etc-provide-to-contribute-to-addressing-your-countrys-cd-requi\/#breadcrumb","itemListElement":[{"@type":"ListItem","position":1,"name":"Home","item":"https:\/\/surveys.ioc-cd.org\/"},{"@type":"ListItem","position":2,"name":"IOC Focal points: Question 2.10: What other specific support can IOC global and regional programmes (GOOS, IODE, MPR, tsunami, etc.) provide to contribute to addressing your country\u2019s CD requirements?"}]},{"@type":"WebSite","@id":"https:\/\/surveys.ioc-cd.org\/#website","url":"https:\/\/surveys.ioc-cd.org\/","name":"Surveys for IOC-CD","description":"IOC Capacity Development surveys results","potentialAction":[{"@type":"SearchAction","target":{"@type":"EntryPoint","urlTemplate":"https:\/\/surveys.ioc-cd.org\/?s={search_term_string}"},"query-input":{"@type":"PropertyValueSpecification","valueRequired":true,"valueName":"search_term_string"}}],"inLanguage":"en-US"}]}},"_links":{"self":[{"href":"https:\/\/surveys.ioc-cd.org\/index.php\/wp-json\/wp\/v2\/pages\/339","targetHints":{"allow":["GET"]}}],"collection":[{"href":"https:\/\/surveys.ioc-cd.org\/index.php\/wp-json\/wp\/v2\/pages"}],"about":[{"href":"https:\/\/surveys.ioc-cd.org\/index.php\/wp-json\/wp\/v2\/types\/page"}],"author":[{"embeddable":true,"href":"https:\/\/surveys.ioc-cd.org\/index.php\/wp-json\/wp\/v2\/users\/3"}],"replies":[{"embeddable":true,"href":"https:\/\/surveys.ioc-cd.org\/index.php\/wp-json\/wp\/v2\/comments?post=339"}],"version-history":[{"count":3,"href":"https:\/\/surveys.ioc-cd.org\/index.php\/wp-json\/wp\/v2\/pages\/339\/revisions"}],"predecessor-version":[{"id":2333,"href":"https:\/\/surveys.ioc-cd.org\/index.php\/wp-json\/wp\/v2\/pages\/339\/revisions\/2333"}],"wp:attachment":[{"href":"https:\/\/surveys.ioc-cd.org\/index.php\/wp-json\/wp\/v2\/media?parent=339"}],"curies":[{"name":"wp","href":"https:\/\/api.w.org\/{rel}","templated":true}]}}