{"id":3539,"date":"2023-05-23T12:36:45","date_gmt":"2023-05-23T12:36:45","guid":{"rendered":"https:\/\/surveys.ioc-cd.org\/?page_id=3539"},"modified":"2023-06-19T20:32:53","modified_gmt":"2023-06-19T20:32:53","slug":"ioc-focal-points-question-16-does-your-country-have-a-national-ocean-science-capacity-development-strategy-question-17-has-your-country-carried-out-an-ocean-science-capacity-needs-assessment","status":"publish","type":"page","link":"https:\/\/surveys.ioc-cd.org\/index.php\/ioc-focal-points-question-16-does-your-country-have-a-national-ocean-science-capacity-development-strategy-question-17-has-your-country-carried-out-an-ocean-science-capacity-needs-assessment\/","title":{"rendered":"Question 16: Does your country have a national ocean science capacity development strategy? Question 17: Has your country carried out an ocean science capacity needs assessment?"},"content":{"rendered":"\n<p class=\"has-text-align-right\"><strong><a href=\"https:\/\/surveys.ioc-cd.org\/index.php\/ioc-focal-points-question-2-18-in-your-opinion-to-what-extent-are-the-following-aspects-of-capacity-lacking-to-achieve-sdg-14-2\/\">Previous Page<\/a> | END<\/strong><\/p>\n\n\n<div class=\"wp-block-image\">\n<figure class=\"aligncenter size-full is-resized\"><img loading=\"lazy\" decoding=\"async\" src=\"https:\/\/surveys.ioc-cd.org\/wp-content\/uploads\/2023\/05\/image-14.png\" alt=\"\" class=\"wp-image-3551\" width=\"641\" height=\"386\" srcset=\"https:\/\/surveys.ioc-cd.org\/wp-content\/uploads\/2023\/05\/image-14.png 854w, https:\/\/surveys.ioc-cd.org\/wp-content\/uploads\/2023\/05\/image-14-300x181.png 300w, https:\/\/surveys.ioc-cd.org\/wp-content\/uploads\/2023\/05\/image-14-768x462.png 768w\" sizes=\"auto, (max-width: 641px) 100vw, 641px\" \/><\/figure>\n<\/div>\n\n<div class=\"wp-block-image\">\n<figure class=\"aligncenter size-full is-resized\"><img loading=\"lazy\" decoding=\"async\" src=\"https:\/\/surveys.ioc-cd.org\/wp-content\/uploads\/2023\/05\/image-15.png\" alt=\"\" class=\"wp-image-3552\" width=\"641\" height=\"386\" srcset=\"https:\/\/surveys.ioc-cd.org\/wp-content\/uploads\/2023\/05\/image-15.png 854w, https:\/\/surveys.ioc-cd.org\/wp-content\/uploads\/2023\/05\/image-15-300x181.png 300w, https:\/\/surveys.ioc-cd.org\/wp-content\/uploads\/2023\/05\/image-15-768x462.png 768w\" sizes=\"auto, (max-width: 641px) 100vw, 641px\" \/><\/figure>\n<\/div>\n\n<div class=\"wp-block-image\">\n<figure class=\"aligncenter size-full is-resized\"><img loading=\"lazy\" decoding=\"async\" src=\"https:\/\/surveys.ioc-cd.org\/wp-content\/uploads\/2023\/05\/image-16.png\" alt=\"\" class=\"wp-image-3553\" width=\"238\" height=\"91\" srcset=\"https:\/\/surveys.ioc-cd.org\/wp-content\/uploads\/2023\/05\/image-16.png 476w, https:\/\/surveys.ioc-cd.org\/wp-content\/uploads\/2023\/05\/image-16-300x115.png 300w\" sizes=\"auto, (max-width: 238px) 100vw, 238px\" \/><\/figure>\n<\/div>\n\n<div class=\"wp-block-image\">\n<figure class=\"aligncenter size-full is-resized\"><img loading=\"lazy\" decoding=\"async\" src=\"https:\/\/surveys.ioc-cd.org\/wp-content\/uploads\/2023\/05\/image-19.png\" alt=\"\" class=\"wp-image-3556\" width=\"238\" height=\"91\"\/><\/figure>\n<\/div>\n\n\n<figure class=\"wp-block-gallery aligncenter has-nested-images columns-default wp-block-gallery-1 is-layout-flex wp-block-gallery-is-layout-flex\">\n<figure class=\"wp-block-image size-large\"><img loading=\"lazy\" decoding=\"async\" width=\"323\" height=\"56\" data-id=\"1803\" src=\"https:\/\/surveys.ioc-cd.org\/wp-content\/uploads\/2021\/04\/legend-yn-dont-know.jpg\" alt=\"\" class=\"wp-image-1803\" srcset=\"https:\/\/surveys.ioc-cd.org\/wp-content\/uploads\/2021\/04\/legend-yn-dont-know.jpg 323w, https:\/\/surveys.ioc-cd.org\/wp-content\/uploads\/2021\/04\/legend-yn-dont-know-300x52.jpg 300w\" sizes=\"auto, (max-width: 323px) 100vw, 323px\" \/><\/figure>\n<\/figure>\n\n\n\n<figure class=\"wp-block-table\"><table><tbody><tr><td><strong>Country<\/strong><\/td><td><strong>Institution\/Organization:<\/strong><\/td><td><strong>Job Title:<\/strong><\/td><td><strong>Gender:<\/strong><\/td><td><strong>Does your country have a national ocean science capacity development strategy?<\/strong><\/td><td><strong>If yes, please specify (provide URL)<\/strong><\/td><td><strong>Has your country carried out an ocean science capacity needs assessment?<\/strong><\/td><td><strong>If yes, please specify (provide URL)<\/strong><\/td><td><strong>Other comments<\/strong><\/td><\/tr><tr><td>Chile<\/td><td>Directorate of Maritime Interest and Aquatic Environment<\/td><td>Head Department Aquatic Environment Protection,&nbsp;&nbsp;Pollution Response and Climate Change<\/td><td>male<\/td><td>Yes<\/td><td><\/td><td>Yes<\/td><td colspan=\"2\">don\u00b4t have the details<\/td><\/tr><tr><td>Colombia<\/td><td>Colombian Ocean Commission&nbsp;<\/td><td>Executive Secretary and Antarctic Program Director&nbsp;<\/td><td>Male<\/td><td>Yes<\/td><td>http:\/\/www.cco.gov.co\/docs\/publicaciones\/pnoec-&nbsp;<\/td><td>Yes<\/td><td><\/td><td><\/td><\/tr><tr><td>Ecuador<\/td><td>INSTITUTO OCEANOGRAFICO Y ANTARTICO DE LA ARMADA<\/td><td>INVESTIGADOR OCEANOGRAFICO<\/td><td>FEMALE<\/td><td>No<\/td><td><\/td><td>No<\/td><td><\/td><td>Nothing to add<\/td><\/tr><tr><td>Ecuatorial Guinea&nbsp;<\/td><td>Ministry of Fisheries and Water Resources<\/td><td>Geological engineer<\/td><td>Female<\/td><td>No<\/td><td><\/td><td>Yes<\/td><td><\/td><td><\/td><\/tr><tr><td>Egypt<\/td><td>National Institute of Oceanography and Fisheries<\/td><td>Prof. of Marine Pollution<\/td><td>Female<\/td><td>Yes<\/td><td>https:\/\/niof-eg.com\/#m-0Not Necessary-Not Important0Not ImportantOf Some Importance<\/td><td>Yes<\/td><td colspan=\"2\">https:\/\/niof-eg.com<\/td><\/tr><tr><td>Estonia<\/td><td>Ministry of the Environment<\/td><td>Adviser<\/td><td>Female<\/td><td colspan=\"2\">I don&#8217;t know<\/td><td colspan=\"2\">I don&#8217;t know<\/td><td><\/td><\/tr><tr><td>France<\/td><td>Minist\u00e8re de la Transition Ecologique et de la Coh\u00e9sion des Territoires<\/td><td>Secr\u00e9tariat du Comit\u00e9 national fran\u00e7ais pour la COI<\/td><td>Female<\/td><td>Yes<\/td><td><\/td><td>No<\/td><td><\/td><td><\/td><\/tr><tr><td>Ghana<\/td><td>Council for Scientific and Industrial Research (CSIR) -Water Research Institute<\/td><td>Director<\/td><td>Male<\/td><td>No<\/td><td><\/td><td>No<\/td><td><\/td><td>.<\/td><\/tr><tr><td>Honduras<\/td><td>National Center of Atmospheric, Ocanic and Seismic Studies<\/td><td>Director&nbsp;<\/td><td>Male<\/td><td>No<\/td><td><\/td><td colspan=\"2\">I don&#8217;t know<\/td><td><\/td><\/tr><tr><td>India<\/td><td>INCOIS<\/td><td>Director<\/td><td>Male<\/td><td colspan=\"2\">I don&#8217;t know<\/td><td>No<\/td><td><\/td><td><\/td><\/tr><tr><td>Japan<\/td><td>Ministry of Education, Culture, Sports, Science and Technology (MEXT)&nbsp;<\/td><td>Director for Deep Sea-Earth Scientific Research<\/td><td>Male<\/td><td>Yes<\/td><td><a href=\"https:\/\/www8.cao.go.jp\/ocean\/english\/plan\/pdf\/plan03_e.pdf\">https:\/\/www8.cao.go.jp\/ocean\/english\/plan\/pdf\/plan0Of Some Importance_e.pdf<\/a><\/td><td colspan=\"2\">I don&#8217;t know<\/td><td><\/td><\/tr><tr><td>Kuwait<\/td><td>Kuwait Institute for Scientific Research<\/td><td>Principal Research Scentist<\/td><td>Female<\/td><td>No<\/td><td><\/td><td>No<\/td><td><\/td><td>Funding for ocean research is minimal in Kuwait; reaching critical mass in oceanography is a real manpower problem, field and cruise staff are lacking to conduct comprehensive surveys and marine operations, and funding for oceanography and marine studies is very low.<\/td><\/tr><tr><td>Myanmar<\/td><td>Department of Meteorology and Hydrology<\/td><td>Deputy Director<\/td><td>Male<\/td><td colspan=\"2\">I don&#8217;t know<\/td><td colspan=\"2\">I don&#8217;t know<\/td><td>Need to get more technical cooperation works and also need to get t.he support for the development of ocean science capacity<\/td><\/tr><tr><td>Poland<\/td><td>Institute of Oceanology Polish Academy of Sciences<\/td><td>Deputy Director for Reserch<\/td><td>male<\/td><td>No<\/td><td><\/td><td>No<\/td><td><\/td><td><\/td><\/tr><tr><td>Tanzania, United Republic of,<\/td><td>Institute of Marine Sciences, University of Dar es Salaam<\/td><td>Professor<\/td><td>Male<\/td><td>No<\/td><td><\/td><td>No<\/td><td><\/td><td>So far ok.<\/td><\/tr><tr><td>Venezuela<\/td><td>Instituto Venezolano de Investigaciones Cient\u00edficas (IVIC)<\/td><td>Research Staff<\/td><td>Female<\/td><td>No<\/td><td><\/td><td colspan=\"2\">I don&#8217;t know<\/td><td><\/td><\/tr><\/tbody><\/table><\/figure>\n","protected":false},"excerpt":{"rendered":"<p>Previous Page | END Country Institution\/Organization: Job Title: Gender: Does your country have a national ocean science capacity development strategy? If yes, please specify (provide&#8230;<\/p>\n<div class=\"more-link-wrapper\"><a class=\"more-link\" href=\"https:\/\/surveys.ioc-cd.org\/index.php\/ioc-focal-points-question-16-does-your-country-have-a-national-ocean-science-capacity-development-strategy-question-17-has-your-country-carried-out-an-ocean-science-capacity-needs-assessment\/\">Continue reading<span class=\"screen-reader-text\">Question 16: Does your country have a national ocean science capacity development strategy? Question 17: Has your country carried out an ocean science capacity needs assessment?<\/span><\/a><\/div>\n","protected":false},"author":3,"featured_media":0,"parent":0,"menu_order":0,"comment_status":"closed","ping_status":"closed","template":"templates\/full-width.php","meta":{"footnotes":""},"class_list":["post-3539","page","type-page","status-publish","hentry","entry"],"yoast_head":"<!-- This site is optimized with the Yoast SEO plugin v27.2 - https:\/\/yoast.com\/product\/yoast-seo-wordpress\/ -->\n<title>Question 16: Does your country have a national ocean science capacity development strategy? Question 17: Has your country carried out an ocean science capacity needs assessment? - Surveys for IOC-CD<\/title>\n<meta name=\"robots\" content=\"index, follow, max-snippet:-1, max-image-preview:large, max-video-preview:-1\" \/>\n<link rel=\"canonical\" href=\"https:\/\/surveys.ioc-cd.org\/index.php\/ioc-focal-points-question-16-does-your-country-have-a-national-ocean-science-capacity-development-strategy-question-17-has-your-country-carried-out-an-ocean-science-capacity-needs-assessment\/\" \/>\n<meta property=\"og:locale\" content=\"en_US\" \/>\n<meta property=\"og:type\" content=\"article\" \/>\n<meta property=\"og:title\" content=\"Question 16: Does your country have a national ocean science capacity development strategy? Question 17: Has your country carried out an ocean science capacity needs assessment? - Surveys for IOC-CD\" \/>\n<meta property=\"og:description\" content=\"Previous Page | END Country Institution\/Organization: Job Title: Gender: Does your country have a national ocean science capacity development strategy? If yes, please specify (provide&#8230;\" \/>\n<meta property=\"og:url\" content=\"https:\/\/surveys.ioc-cd.org\/index.php\/ioc-focal-points-question-16-does-your-country-have-a-national-ocean-science-capacity-development-strategy-question-17-has-your-country-carried-out-an-ocean-science-capacity-needs-assessment\/\" \/>\n<meta property=\"og:site_name\" content=\"Surveys for IOC-CD\" \/>\n<meta property=\"article:modified_time\" content=\"2023-06-19T20:32:53+00:00\" \/>\n<meta property=\"og:image\" content=\"https:\/\/surveys.ioc-cd.org\/wp-content\/uploads\/2023\/05\/image-14.png\" \/>\n<meta name=\"twitter:card\" content=\"summary_large_image\" \/>\n<meta name=\"twitter:label1\" content=\"Est. reading time\" \/>\n\t<meta name=\"twitter:data1\" content=\"3 minutes\" \/>\n<script type=\"application\/ld+json\" class=\"yoast-schema-graph\">{\"@context\":\"https:\/\/schema.org\",\"@graph\":[{\"@type\":\"WebPage\",\"@id\":\"https:\/\/surveys.ioc-cd.org\/index.php\/ioc-focal-points-question-16-does-your-country-have-a-national-ocean-science-capacity-development-strategy-question-17-has-your-country-carried-out-an-ocean-science-capacity-needs-assessment\/\",\"url\":\"https:\/\/surveys.ioc-cd.org\/index.php\/ioc-focal-points-question-16-does-your-country-have-a-national-ocean-science-capacity-development-strategy-question-17-has-your-country-carried-out-an-ocean-science-capacity-needs-assessment\/\",\"name\":\"Question 16: Does your country have a national ocean science capacity development strategy? Question 17: Has your country carried out an ocean science capacity needs assessment? - Surveys for IOC-CD\",\"isPartOf\":{\"@id\":\"https:\/\/surveys.ioc-cd.org\/#website\"},\"primaryImageOfPage\":{\"@id\":\"https:\/\/surveys.ioc-cd.org\/index.php\/ioc-focal-points-question-16-does-your-country-have-a-national-ocean-science-capacity-development-strategy-question-17-has-your-country-carried-out-an-ocean-science-capacity-needs-assessment\/#primaryimage\"},\"image\":{\"@id\":\"https:\/\/surveys.ioc-cd.org\/index.php\/ioc-focal-points-question-16-does-your-country-have-a-national-ocean-science-capacity-development-strategy-question-17-has-your-country-carried-out-an-ocean-science-capacity-needs-assessment\/#primaryimage\"},\"thumbnailUrl\":\"https:\/\/surveys.ioc-cd.org\/wp-content\/uploads\/2023\/05\/image-14.png\",\"datePublished\":\"2023-05-23T12:36:45+00:00\",\"dateModified\":\"2023-06-19T20:32:53+00:00\",\"breadcrumb\":{\"@id\":\"https:\/\/surveys.ioc-cd.org\/index.php\/ioc-focal-points-question-16-does-your-country-have-a-national-ocean-science-capacity-development-strategy-question-17-has-your-country-carried-out-an-ocean-science-capacity-needs-assessment\/#breadcrumb\"},\"inLanguage\":\"en-US\",\"potentialAction\":[{\"@type\":\"ReadAction\",\"target\":[\"https:\/\/surveys.ioc-cd.org\/index.php\/ioc-focal-points-question-16-does-your-country-have-a-national-ocean-science-capacity-development-strategy-question-17-has-your-country-carried-out-an-ocean-science-capacity-needs-assessment\/\"]}]},{\"@type\":\"ImageObject\",\"inLanguage\":\"en-US\",\"@id\":\"https:\/\/surveys.ioc-cd.org\/index.php\/ioc-focal-points-question-16-does-your-country-have-a-national-ocean-science-capacity-development-strategy-question-17-has-your-country-carried-out-an-ocean-science-capacity-needs-assessment\/#primaryimage\",\"url\":\"https:\/\/surveys.ioc-cd.org\/wp-content\/uploads\/2023\/05\/image-14.png\",\"contentUrl\":\"https:\/\/surveys.ioc-cd.org\/wp-content\/uploads\/2023\/05\/image-14.png\",\"width\":854,\"height\":514},{\"@type\":\"BreadcrumbList\",\"@id\":\"https:\/\/surveys.ioc-cd.org\/index.php\/ioc-focal-points-question-16-does-your-country-have-a-national-ocean-science-capacity-development-strategy-question-17-has-your-country-carried-out-an-ocean-science-capacity-needs-assessment\/#breadcrumb\",\"itemListElement\":[{\"@type\":\"ListItem\",\"position\":1,\"name\":\"Home\",\"item\":\"https:\/\/surveys.ioc-cd.org\/\"},{\"@type\":\"ListItem\",\"position\":2,\"name\":\"Question 16: Does your country have a national ocean science capacity development strategy? Question 17: Has your country carried out an ocean science capacity needs assessment?\"}]},{\"@type\":\"WebSite\",\"@id\":\"https:\/\/surveys.ioc-cd.org\/#website\",\"url\":\"https:\/\/surveys.ioc-cd.org\/\",\"name\":\"Surveys for IOC-CD\",\"description\":\"IOC Capacity Development surveys results\",\"potentialAction\":[{\"@type\":\"SearchAction\",\"target\":{\"@type\":\"EntryPoint\",\"urlTemplate\":\"https:\/\/surveys.ioc-cd.org\/?s={search_term_string}\"},\"query-input\":{\"@type\":\"PropertyValueSpecification\",\"valueRequired\":true,\"valueName\":\"search_term_string\"}}],\"inLanguage\":\"en-US\"}]}<\/script>\n<!-- \/ Yoast SEO plugin. -->","yoast_head_json":{"title":"Question 16: Does your country have a national ocean science capacity development strategy? Question 17: Has your country carried out an ocean science capacity needs assessment? - Surveys for IOC-CD","robots":{"index":"index","follow":"follow","max-snippet":"max-snippet:-1","max-image-preview":"max-image-preview:large","max-video-preview":"max-video-preview:-1"},"canonical":"https:\/\/surveys.ioc-cd.org\/index.php\/ioc-focal-points-question-16-does-your-country-have-a-national-ocean-science-capacity-development-strategy-question-17-has-your-country-carried-out-an-ocean-science-capacity-needs-assessment\/","og_locale":"en_US","og_type":"article","og_title":"Question 16: Does your country have a national ocean science capacity development strategy? Question 17: Has your country carried out an ocean science capacity needs assessment? - Surveys for IOC-CD","og_description":"Previous Page | END Country Institution\/Organization: Job Title: Gender: Does your country have a national ocean science capacity development strategy? If yes, please specify (provide&#8230;","og_url":"https:\/\/surveys.ioc-cd.org\/index.php\/ioc-focal-points-question-16-does-your-country-have-a-national-ocean-science-capacity-development-strategy-question-17-has-your-country-carried-out-an-ocean-science-capacity-needs-assessment\/","og_site_name":"Surveys for IOC-CD","article_modified_time":"2023-06-19T20:32:53+00:00","og_image":[{"url":"https:\/\/surveys.ioc-cd.org\/wp-content\/uploads\/2023\/05\/image-14.png","type":"","width":"","height":""}],"twitter_card":"summary_large_image","twitter_misc":{"Est. reading time":"3 minutes"},"schema":{"@context":"https:\/\/schema.org","@graph":[{"@type":"WebPage","@id":"https:\/\/surveys.ioc-cd.org\/index.php\/ioc-focal-points-question-16-does-your-country-have-a-national-ocean-science-capacity-development-strategy-question-17-has-your-country-carried-out-an-ocean-science-capacity-needs-assessment\/","url":"https:\/\/surveys.ioc-cd.org\/index.php\/ioc-focal-points-question-16-does-your-country-have-a-national-ocean-science-capacity-development-strategy-question-17-has-your-country-carried-out-an-ocean-science-capacity-needs-assessment\/","name":"Question 16: Does your country have a national ocean science capacity development strategy? Question 17: Has your country carried out an ocean science capacity needs assessment? - Surveys for IOC-CD","isPartOf":{"@id":"https:\/\/surveys.ioc-cd.org\/#website"},"primaryImageOfPage":{"@id":"https:\/\/surveys.ioc-cd.org\/index.php\/ioc-focal-points-question-16-does-your-country-have-a-national-ocean-science-capacity-development-strategy-question-17-has-your-country-carried-out-an-ocean-science-capacity-needs-assessment\/#primaryimage"},"image":{"@id":"https:\/\/surveys.ioc-cd.org\/index.php\/ioc-focal-points-question-16-does-your-country-have-a-national-ocean-science-capacity-development-strategy-question-17-has-your-country-carried-out-an-ocean-science-capacity-needs-assessment\/#primaryimage"},"thumbnailUrl":"https:\/\/surveys.ioc-cd.org\/wp-content\/uploads\/2023\/05\/image-14.png","datePublished":"2023-05-23T12:36:45+00:00","dateModified":"2023-06-19T20:32:53+00:00","breadcrumb":{"@id":"https:\/\/surveys.ioc-cd.org\/index.php\/ioc-focal-points-question-16-does-your-country-have-a-national-ocean-science-capacity-development-strategy-question-17-has-your-country-carried-out-an-ocean-science-capacity-needs-assessment\/#breadcrumb"},"inLanguage":"en-US","potentialAction":[{"@type":"ReadAction","target":["https:\/\/surveys.ioc-cd.org\/index.php\/ioc-focal-points-question-16-does-your-country-have-a-national-ocean-science-capacity-development-strategy-question-17-has-your-country-carried-out-an-ocean-science-capacity-needs-assessment\/"]}]},{"@type":"ImageObject","inLanguage":"en-US","@id":"https:\/\/surveys.ioc-cd.org\/index.php\/ioc-focal-points-question-16-does-your-country-have-a-national-ocean-science-capacity-development-strategy-question-17-has-your-country-carried-out-an-ocean-science-capacity-needs-assessment\/#primaryimage","url":"https:\/\/surveys.ioc-cd.org\/wp-content\/uploads\/2023\/05\/image-14.png","contentUrl":"https:\/\/surveys.ioc-cd.org\/wp-content\/uploads\/2023\/05\/image-14.png","width":854,"height":514},{"@type":"BreadcrumbList","@id":"https:\/\/surveys.ioc-cd.org\/index.php\/ioc-focal-points-question-16-does-your-country-have-a-national-ocean-science-capacity-development-strategy-question-17-has-your-country-carried-out-an-ocean-science-capacity-needs-assessment\/#breadcrumb","itemListElement":[{"@type":"ListItem","position":1,"name":"Home","item":"https:\/\/surveys.ioc-cd.org\/"},{"@type":"ListItem","position":2,"name":"Question 16: Does your country have a national ocean science capacity development strategy? Question 17: Has your country carried out an ocean science capacity needs assessment?"}]},{"@type":"WebSite","@id":"https:\/\/surveys.ioc-cd.org\/#website","url":"https:\/\/surveys.ioc-cd.org\/","name":"Surveys for IOC-CD","description":"IOC Capacity Development surveys results","potentialAction":[{"@type":"SearchAction","target":{"@type":"EntryPoint","urlTemplate":"https:\/\/surveys.ioc-cd.org\/?s={search_term_string}"},"query-input":{"@type":"PropertyValueSpecification","valueRequired":true,"valueName":"search_term_string"}}],"inLanguage":"en-US"}]}},"_links":{"self":[{"href":"https:\/\/surveys.ioc-cd.org\/index.php\/wp-json\/wp\/v2\/pages\/3539","targetHints":{"allow":["GET"]}}],"collection":[{"href":"https:\/\/surveys.ioc-cd.org\/index.php\/wp-json\/wp\/v2\/pages"}],"about":[{"href":"https:\/\/surveys.ioc-cd.org\/index.php\/wp-json\/wp\/v2\/types\/page"}],"author":[{"embeddable":true,"href":"https:\/\/surveys.ioc-cd.org\/index.php\/wp-json\/wp\/v2\/users\/3"}],"replies":[{"embeddable":true,"href":"https:\/\/surveys.ioc-cd.org\/index.php\/wp-json\/wp\/v2\/comments?post=3539"}],"version-history":[{"count":2,"href":"https:\/\/surveys.ioc-cd.org\/index.php\/wp-json\/wp\/v2\/pages\/3539\/revisions"}],"predecessor-version":[{"id":3813,"href":"https:\/\/surveys.ioc-cd.org\/index.php\/wp-json\/wp\/v2\/pages\/3539\/revisions\/3813"}],"wp:attachment":[{"href":"https:\/\/surveys.ioc-cd.org\/index.php\/wp-json\/wp\/v2\/media?parent=3539"}],"curies":[{"name":"wp","href":"https:\/\/api.w.org\/{rel}","templated":true}]}}