{"id":3558,"date":"2021-03-25T19:07:46","date_gmt":"2021-03-25T19:07:46","guid":{"rendered":"https:\/\/surveys.ioc-cd.org\/index.php\/ioc-focal-points-question-2-3-in-your-opinion-how-important-are-the-following-in-terms-of-increased-access-to-physical-infrastructure-for-your-country-2\/"},"modified":"2023-06-19T20:14:27","modified_gmt":"2023-06-19T20:14:27","slug":"ioc-focal-points-question-2-3-in-your-opinion-how-important-are-the-following-in-terms-of-increased-access-to-physical-infrastructure-for-your-country-2","status":"publish","type":"page","link":"https:\/\/surveys.ioc-cd.org\/index.php\/ioc-focal-points-question-2-3-in-your-opinion-how-important-are-the-following-in-terms-of-increased-access-to-physical-infrastructure-for-your-country-2\/","title":{"rendered":"Question 6: Please rank the following capacity development needs in terms of achieving increased access to physical infrastructure for your country."},"content":{"rendered":"\n<p class=\"has-text-align-right\"><strong><a href=\"https:\/\/surveys.ioc-cd.org\/index.php\/2022-survey\/ioc-focal-points-question-2-2-how-important-are-the-following-in-terms-of-developing-capacity-in-human-resources-currently-not-available-in-your-country-2\/\">Previous Page <\/a>| <a href=\"https:\/\/surveys.ioc-cd.org\/index.php\/ioc-focal-points-question-2-4-if-applicable-to-what-extent-does-the-following-help-your-country-with-regards-to-strengthened-coordination-with-global-regional-or-sub-regional-ioc-communities-and-l-2\/\">Next Page<\/a><\/strong><\/p>\n\n\n<div class=\"wp-block-image\">\n<figure class=\"aligncenter size-full is-resized\"><img loading=\"lazy\" decoding=\"async\" src=\"https:\/\/surveys.ioc-cd.org\/wp-content\/uploads\/2023\/05\/image-20.png\" alt=\"\" class=\"wp-image-3580\" width=\"752\" height=\"431\" srcset=\"https:\/\/surveys.ioc-cd.org\/wp-content\/uploads\/2023\/05\/image-20.png 1002w, https:\/\/surveys.ioc-cd.org\/wp-content\/uploads\/2023\/05\/image-20-300x172.png 300w, https:\/\/surveys.ioc-cd.org\/wp-content\/uploads\/2023\/05\/image-20-768x440.png 768w\" sizes=\"auto, (max-width: 752px) 100vw, 752px\" \/><\/figure>\n<\/div>\n\n\n<figure class=\"wp-block-image size-large\"><img loading=\"lazy\" decoding=\"async\" width=\"1024\" height=\"340\" src=\"https:\/\/surveys.ioc-cd.org\/wp-content\/uploads\/2023\/05\/image-22-1024x340.png\" alt=\"\" class=\"wp-image-3582\" srcset=\"https:\/\/surveys.ioc-cd.org\/wp-content\/uploads\/2023\/05\/image-22-1024x340.png 1024w, https:\/\/surveys.ioc-cd.org\/wp-content\/uploads\/2023\/05\/image-22-300x100.png 300w, https:\/\/surveys.ioc-cd.org\/wp-content\/uploads\/2023\/05\/image-22-768x255.png 768w, https:\/\/surveys.ioc-cd.org\/wp-content\/uploads\/2023\/05\/image-22.png 1224w\" sizes=\"auto, (max-width: 1024px) 100vw, 1024px\" \/><\/figure>\n\n\n\n<figure class=\"wp-block-gallery aligncenter has-nested-images columns-default wp-block-gallery-1 is-layout-flex wp-block-gallery-is-layout-flex\">\n<figure class=\"wp-block-image size-large\"><img loading=\"lazy\" decoding=\"async\" width=\"914\" height=\"49\" data-id=\"1781\" src=\"https:\/\/surveys.ioc-cd.org\/wp-content\/uploads\/2021\/04\/Legend-Sec-2-3.jpg\" alt=\"\" class=\"wp-image-1781\" srcset=\"https:\/\/surveys.ioc-cd.org\/wp-content\/uploads\/2021\/04\/Legend-Sec-2-3.jpg 914w, https:\/\/surveys.ioc-cd.org\/wp-content\/uploads\/2021\/04\/Legend-Sec-2-3-300x16.jpg 300w, https:\/\/surveys.ioc-cd.org\/wp-content\/uploads\/2021\/04\/Legend-Sec-2-3-768x41.jpg 768w\" sizes=\"auto, (max-width: 914px) 100vw, 914px\" \/><\/figure>\n<\/figure>\n\n\n\n<p><strong><span style=\"text-decoration: underline;\">Detailed report by country<\/span><\/strong><\/p>\n\n\n\n<figure class=\"wp-block-table\"><table><tbody><tr><td><strong>Country<\/strong><\/td><td><strong>Institution\/Organization:<\/strong><\/td><td><strong>Job Title:<\/strong><\/td><td><strong>Gender:<\/strong><\/td><td><strong>\u2022 Establishment and maintenance of a register of regional scientific research&nbsp;&nbsp;&nbsp;&nbsp;&nbsp;&nbsp;&nbsp;&nbsp;&nbsp;&nbsp;&nbsp;&nbsp;&nbsp;&nbsp;&nbsp;&nbsp;&nbsp;&nbsp;&nbsp;&nbsp;&nbsp;&nbsp;&nbsp;&nbsp;&nbsp;&nbsp;&nbsp;&nbsp;&nbsp;&nbsp;&nbsp;&nbsp;&nbsp;&nbsp;&nbsp;&nbsp;&nbsp;&nbsp;&nbsp;&nbsp;infrastructure (facilities, instruments, vessels) to facilitate access<\/strong><\/td><td><strong>\u2022 Sampling and analysis equipment (e.g. for water, geological, biological, chemical&nbsp;&nbsp;&nbsp;&nbsp;&nbsp;&nbsp;&nbsp;&nbsp;&nbsp;&nbsp;&nbsp;&nbsp;&nbsp;&nbsp;&nbsp;&nbsp;&nbsp;&nbsp;&nbsp;&nbsp;&nbsp;&nbsp;&nbsp;&nbsp;&nbsp;&nbsp;&nbsp;&nbsp;&nbsp;&nbsp;&nbsp;&nbsp;&nbsp;&nbsp;&nbsp;&nbsp;&nbsp;&nbsp;samples)<\/strong><\/td><td><strong>\u2022 Observation facilities and equipments (remote sensing equipment, buoys, tide&nbsp;&nbsp;&nbsp;&nbsp;&nbsp;&nbsp;&nbsp;&nbsp;&nbsp;&nbsp;&nbsp;&nbsp;&nbsp;&nbsp;&nbsp;&nbsp;&nbsp;&nbsp;&nbsp;&nbsp;&nbsp;&nbsp;&nbsp;&nbsp;&nbsp;&nbsp;&nbsp;&nbsp;&nbsp;&nbsp;&nbsp;&nbsp;&nbsp;&nbsp;&nbsp;&nbsp;&nbsp;&nbsp;&nbsp;&nbsp;&nbsp;&nbsp;&nbsp;&nbsp;&nbsp;&nbsp;&nbsp;gauges, shipboard and other means of ocean observation)<\/strong><\/td><td><strong>\u2022 Equipment for in situ and laboratory observations, analysis and experimentation<\/strong><\/td><td><strong>\u2022 Computer and computer software, including models and modeling techniques<\/strong><\/td><td><strong>\u2022 Organizing shared access to regional scientific research infrastructure<\/strong><\/td><td><strong>\u2022 Provision of new equipment by donors to your institution\/organization<\/strong><\/td><td><strong>\u2022 Provision of used equipment by donors or other institutions<\/strong><\/td><td><strong>\u2022 Organizing low-cost access to spare parts for equipment<\/strong><\/td><td><strong>\u2022 Training on the use and maintenance of physical infrastructure and equipment<\/strong><\/td><td><strong>\u2022 Technical training for ocean science related to ocean observation<\/strong><\/td><td><strong>\u2022 Technical training for ocean science data management<\/strong><\/td><td><strong>\u2022 Access to best practices on the use and maintenance of physical infrastructure and equipment<\/strong><\/td><\/tr><tr><td>Chile<\/td><td>Directorate of Maritime Interest and Aquatic Environment<\/td><td>Head Department Aquatic Environment Protection,&nbsp;&nbsp;Pollution Response and Climate Change<\/td><td>male<\/td><td>Essential<\/td><td>Essential<\/td><td>Essential<\/td><td>Essential<\/td><td>Very Important<\/td><td>Very Important<\/td><td>Of Some Importance<\/td><td>Not Important<\/td><td>Not Important<\/td><td>Of Some Importance<\/td><td>Very Important<\/td><td>Very Important<\/td><td>Very Important<\/td><\/tr><tr><td>Colombia<\/td><td>Colombian Ocean Commission&nbsp;<\/td><td>Executive Secretary and Antarctic Program Director&nbsp;<\/td><td>Male<\/td><td>Essential<\/td><td>Very Important<\/td><td>Essential<\/td><td>Of Some Importance<\/td><td>Of Some Importance<\/td><td>Very Important<\/td><td>Very Important<\/td><td>Of Some Importance<\/td><td>Of Some Importance<\/td><td>Very Important<\/td><td>Essential<\/td><td>Essential<\/td><td>Very Important<\/td><\/tr><tr><td>Ecuador<\/td><td>INSTITUTO OCEANOGRAFICO Y ANTARTICO DE LA ARMADA<\/td><td>INVESTIGADOR OCEANOGRAFICO<\/td><td>FEMALE<\/td><td>Essential<\/td><td>Essential<\/td><td>Essential<\/td><td>Essential<\/td><td>Essential<\/td><td>Very Important<\/td><td>Essential<\/td><td>Essential<\/td><td>Very Important<\/td><td>Essential<\/td><td>Essential<\/td><td>Essential<\/td><td>Essential<\/td><\/tr><tr><td>Ecuatorial Guinea&nbsp;<\/td><td>Ministry of Fisheries and Water Resources<\/td><td>Geological engineer<\/td><td>Female<\/td><td>Not Necessary<\/td><td>Of Some Importance<\/td><td>Not Important<\/td><td>Not Necessary<\/td><td>Not Necessary<\/td><td>Not Necessary<\/td><td>Not Important<\/td><td>Not Important<\/td><td>Not Necessary<\/td><td>Not Necessary<\/td><td>Not Important<\/td><td>Not Important<\/td><td>Not Necessary<\/td><\/tr><tr><td>Egypt<\/td><td>National Institute of Oceanography and Fisheries<\/td><td>Prof. of Marine Pollution<\/td><td>Female<\/td><td>Essential<\/td><td>Essential<\/td><td>Essential<\/td><td>Essential<\/td><td>Essential<\/td><td>Essential<\/td><td>Essential<\/td><td>Essential<\/td><td>Essential<\/td><td>Essential<\/td><td>Essential<\/td><td>Essential<\/td><td>Essential<\/td><\/tr><tr><td>Estonia<\/td><td>Ministry of the Environment<\/td><td>Adviser<\/td><td>Female<\/td><td>Essential<\/td><td>Of Some Importance<\/td><td>Very Important<\/td><td>Very Important<\/td><td>Very Important<\/td><td>Essential<\/td><td>Essential<\/td><td>Essential<\/td><td>Essential<\/td><td>Very Important<\/td><td>Very Important<\/td><td>Very Important<\/td><td>Very Important<\/td><\/tr><tr><td>France<\/td><td>Minist\u00e8re de la Transition Ecologique et de la Coh\u00e9sion des Territoires<\/td><td>Secr\u00e9tariat du Comit\u00e9 national fran\u00e7ais pour la COI<\/td><td>Female<\/td><td>Very Important<\/td><td>Of Some Importance<\/td><td>Of Some Importance<\/td><td>Of Some Importance<\/td><td>Of Some Importance<\/td><td>Very Important<\/td><td>Of Some Importance<\/td><td>Of Some Importance<\/td><td>Of Some Importance<\/td><td>Very Important<\/td><td>Of Some Importance<\/td><td>Of Some Importance<\/td><td>Very Important<\/td><\/tr><tr><td>Ghana<\/td><td>Council for Scientific and Industrial Research (CSIR) -Water Research Institute<\/td><td>Director<\/td><td>Male<\/td><td>Essential<\/td><td>Essential<\/td><td>Essential<\/td><td>Essential<\/td><td>Essential<\/td><td>Essential<\/td><td>Essential<\/td><td>Essential<\/td><td>Essential<\/td><td>Essential<\/td><td>Essential<\/td><td>Essential<\/td><td>Very Important<\/td><\/tr><tr><td>Honduras<\/td><td>National Center of Atmospheric, Ocanic and Seismic Studies<\/td><td>Director&nbsp;<\/td><td>Male<\/td><td>Essential<\/td><td>Essential<\/td><td>Very Important<\/td><td>Of Some Importance<\/td><td>Very Important<\/td><td>Very Important<\/td><td>Essential<\/td><td>Essential<\/td><td>Essential<\/td><td>Essential<\/td><td>Essential<\/td><td>Very Important<\/td><td>Very Important<\/td><\/tr><tr><td>India<\/td><td>INCOIS<\/td><td>Director<\/td><td>Male<\/td><td>Not Necessary<\/td><td>Not Important<\/td><td>Not Important<\/td><td>Not Important<\/td><td>Not Necessary<\/td><td>Not Important<\/td><td>Not Necessary<\/td><td>Not Necessary<\/td><td>Not Important<\/td><td>Not Important<\/td><td>Not Important<\/td><td>Not Important<\/td><td>Not Important<\/td><\/tr><tr><td>Japan<\/td><td>Ministry of Education, Culture, Sports, Science and Technology (MEXT)&nbsp;<\/td><td>Director for Deep Sea-Earth Scientific Research<\/td><td>Male<\/td><td><\/td><td><\/td><td><\/td><td><\/td><td><\/td><td><\/td><td><\/td><td><\/td><td><\/td><td><\/td><td><\/td><td><\/td><td><\/td><\/tr><tr><td>Kuwait<\/td><td>Kuwait Institute for Scientific Research<\/td><td>Principal Research Scentist<\/td><td>Female<\/td><td>Very Important<\/td><td>Of Some Importance<\/td><td>Essential<\/td><td>Very Important<\/td><td>Essential<\/td><td>Essential<\/td><td>Very Important<\/td><td>Of Some Importance<\/td><td>Essential<\/td><td>Very Important<\/td><td>Essential<\/td><td>Essential<\/td><td>Essential<\/td><\/tr><tr><td>Myanmar<\/td><td>Department of Meteorology and Hydrology<\/td><td>Deputy Director<\/td><td>Male<\/td><td>Not Necessary<\/td><td>Not Important<\/td><td>Not Important<\/td><td>Not Necessary<\/td><td>Not Important<\/td><td>Not Important<\/td><td>Not Important<\/td><td>Not Important<\/td><td>Not Necessary<\/td><td>Not Important<\/td><td>Not Important<\/td><td>Not Necessary<\/td><td>Not Important<\/td><\/tr><tr><td>Poland<\/td><td>Institute of Oceanology Polish Academy of Sciences<\/td><td>Deputy Director for Reserch<\/td><td>male<\/td><td>Very Important<\/td><td>Very Important<\/td><td>Essential<\/td><td>Very Important<\/td><td>Not Important<\/td><td>Not Important<\/td><td>Of Some Importance<\/td><td>Of Some Importance<\/td><td>Not Important<\/td><td>Not Necessary<\/td><td>Not Necessary<\/td><td>Of Some Importance<\/td><td>Of Some Importance<\/td><\/tr><tr><td>Tanzania, United Republic of,<\/td><td>Institute of Marine Sciences, University of Dar es Salaam<\/td><td>Professor<\/td><td>Male<\/td><td>Essential<\/td><td>Essential<\/td><td>Essential<\/td><td>Essential<\/td><td>Essential<\/td><td>Essential<\/td><td>Essential<\/td><td>Very Important<\/td><td>Essential<\/td><td>Essential<\/td><td>Essential<\/td><td>Essential<\/td><td>Essential<\/td><\/tr><tr><td>Venezuela<\/td><td>Instituto Venezolano de Investigaciones Cient\u00edficas (IVIC)<\/td><td>Research Staff<\/td><td>Female<\/td><td>Essential<\/td><td>Very Important<\/td><td>Very Important<\/td><td>Essential<\/td><td>Essential<\/td><td>Very Important<\/td><td>Essential<\/td><td>Very Important<\/td><td>Essential<\/td><td>Very Important<\/td><td>Essential<\/td><td>Essential<\/td><td>Very Important<\/td><\/tr><\/tbody><\/table><\/figure>\n","protected":false},"excerpt":{"rendered":"<p>Previous Page | Next Page Detailed report by country Country Institution\/Organization: Job Title: Gender: \u2022 Establishment and maintenance of a register of regional scientific research&nbsp;&nbsp;&nbsp;&nbsp;&nbsp;&nbsp;&nbsp;&nbsp;&nbsp;&nbsp;&nbsp;&nbsp;&nbsp;&nbsp;&nbsp;&nbsp;&nbsp;&nbsp;&nbsp;&nbsp;&nbsp;&nbsp;&nbsp;&nbsp;&nbsp;&nbsp;&nbsp;&nbsp;&nbsp;&nbsp;&nbsp;&nbsp;&nbsp;&nbsp;&nbsp;&nbsp;&nbsp;&nbsp;&nbsp;&nbsp;infrastructure&#8230;<\/p>\n<div class=\"more-link-wrapper\"><a class=\"more-link\" href=\"https:\/\/surveys.ioc-cd.org\/index.php\/ioc-focal-points-question-2-3-in-your-opinion-how-important-are-the-following-in-terms-of-increased-access-to-physical-infrastructure-for-your-country-2\/\">Continue reading<span class=\"screen-reader-text\">Question 6: Please rank the following capacity development needs in terms of achieving increased access to physical infrastructure for your country.<\/span><\/a><\/div>\n","protected":false},"author":2,"featured_media":0,"parent":0,"menu_order":0,"comment_status":"closed","ping_status":"closed","template":"templates\/full-width.php","meta":{"footnotes":""},"class_list":["post-3558","page","type-page","status-publish","hentry","entry"],"yoast_head":"<!-- This site is optimized with the Yoast SEO plugin v27.2 - https:\/\/yoast.com\/product\/yoast-seo-wordpress\/ -->\n<title>Question 6: Please rank the following capacity development needs in terms of achieving increased access to physical infrastructure for your country. - Surveys for IOC-CD<\/title>\n<meta name=\"robots\" content=\"index, follow, max-snippet:-1, max-image-preview:large, max-video-preview:-1\" \/>\n<link rel=\"canonical\" href=\"https:\/\/surveys.ioc-cd.org\/index.php\/ioc-focal-points-question-2-3-in-your-opinion-how-important-are-the-following-in-terms-of-increased-access-to-physical-infrastructure-for-your-country-2\/\" \/>\n<meta property=\"og:locale\" content=\"en_US\" \/>\n<meta property=\"og:type\" content=\"article\" \/>\n<meta property=\"og:title\" content=\"Question 6: Please rank the following capacity development needs in terms of achieving increased access to physical infrastructure for your country. - Surveys for IOC-CD\" \/>\n<meta property=\"og:description\" content=\"Previous Page | Next Page Detailed report by country Country Institution\/Organization: Job Title: Gender: \u2022 Establishment and maintenance of a register of regional scientific research&nbsp;&nbsp;&nbsp;&nbsp;&nbsp;&nbsp;&nbsp;&nbsp;&nbsp;&nbsp;&nbsp;&nbsp;&nbsp;&nbsp;&nbsp;&nbsp;&nbsp;&nbsp;&nbsp;&nbsp;&nbsp;&nbsp;&nbsp;&nbsp;&nbsp;&nbsp;&nbsp;&nbsp;&nbsp;&nbsp;&nbsp;&nbsp;&nbsp;&nbsp;&nbsp;&nbsp;&nbsp;&nbsp;&nbsp;&nbsp;infrastructure&#8230;\" \/>\n<meta property=\"og:url\" content=\"https:\/\/surveys.ioc-cd.org\/index.php\/ioc-focal-points-question-2-3-in-your-opinion-how-important-are-the-following-in-terms-of-increased-access-to-physical-infrastructure-for-your-country-2\/\" \/>\n<meta property=\"og:site_name\" content=\"Surveys for IOC-CD\" \/>\n<meta property=\"article:modified_time\" content=\"2023-06-19T20:14:27+00:00\" \/>\n<meta property=\"og:image\" content=\"https:\/\/surveys.ioc-cd.org\/wp-content\/uploads\/2023\/05\/image-20.png\" \/>\n<meta name=\"twitter:card\" content=\"summary_large_image\" \/>\n<meta name=\"twitter:label1\" content=\"Est. reading time\" \/>\n\t<meta name=\"twitter:data1\" content=\"4 minutes\" \/>\n<script type=\"application\/ld+json\" class=\"yoast-schema-graph\">{\"@context\":\"https:\/\/schema.org\",\"@graph\":[{\"@type\":\"WebPage\",\"@id\":\"https:\/\/surveys.ioc-cd.org\/index.php\/ioc-focal-points-question-2-3-in-your-opinion-how-important-are-the-following-in-terms-of-increased-access-to-physical-infrastructure-for-your-country-2\/\",\"url\":\"https:\/\/surveys.ioc-cd.org\/index.php\/ioc-focal-points-question-2-3-in-your-opinion-how-important-are-the-following-in-terms-of-increased-access-to-physical-infrastructure-for-your-country-2\/\",\"name\":\"Question 6: Please rank the following capacity development needs in terms of achieving increased access to physical infrastructure for your country. - Surveys for IOC-CD\",\"isPartOf\":{\"@id\":\"https:\/\/surveys.ioc-cd.org\/#website\"},\"primaryImageOfPage\":{\"@id\":\"https:\/\/surveys.ioc-cd.org\/index.php\/ioc-focal-points-question-2-3-in-your-opinion-how-important-are-the-following-in-terms-of-increased-access-to-physical-infrastructure-for-your-country-2\/#primaryimage\"},\"image\":{\"@id\":\"https:\/\/surveys.ioc-cd.org\/index.php\/ioc-focal-points-question-2-3-in-your-opinion-how-important-are-the-following-in-terms-of-increased-access-to-physical-infrastructure-for-your-country-2\/#primaryimage\"},\"thumbnailUrl\":\"https:\/\/surveys.ioc-cd.org\/wp-content\/uploads\/2023\/05\/image-20.png\",\"datePublished\":\"2021-03-25T19:07:46+00:00\",\"dateModified\":\"2023-06-19T20:14:27+00:00\",\"breadcrumb\":{\"@id\":\"https:\/\/surveys.ioc-cd.org\/index.php\/ioc-focal-points-question-2-3-in-your-opinion-how-important-are-the-following-in-terms-of-increased-access-to-physical-infrastructure-for-your-country-2\/#breadcrumb\"},\"inLanguage\":\"en-US\",\"potentialAction\":[{\"@type\":\"ReadAction\",\"target\":[\"https:\/\/surveys.ioc-cd.org\/index.php\/ioc-focal-points-question-2-3-in-your-opinion-how-important-are-the-following-in-terms-of-increased-access-to-physical-infrastructure-for-your-country-2\/\"]}]},{\"@type\":\"ImageObject\",\"inLanguage\":\"en-US\",\"@id\":\"https:\/\/surveys.ioc-cd.org\/index.php\/ioc-focal-points-question-2-3-in-your-opinion-how-important-are-the-following-in-terms-of-increased-access-to-physical-infrastructure-for-your-country-2\/#primaryimage\",\"url\":\"https:\/\/surveys.ioc-cd.org\/wp-content\/uploads\/2023\/05\/image-20.png\",\"contentUrl\":\"https:\/\/surveys.ioc-cd.org\/wp-content\/uploads\/2023\/05\/image-20.png\",\"width\":1002,\"height\":574},{\"@type\":\"BreadcrumbList\",\"@id\":\"https:\/\/surveys.ioc-cd.org\/index.php\/ioc-focal-points-question-2-3-in-your-opinion-how-important-are-the-following-in-terms-of-increased-access-to-physical-infrastructure-for-your-country-2\/#breadcrumb\",\"itemListElement\":[{\"@type\":\"ListItem\",\"position\":1,\"name\":\"Home\",\"item\":\"https:\/\/surveys.ioc-cd.org\/\"},{\"@type\":\"ListItem\",\"position\":2,\"name\":\"Question 6: Please rank the following capacity development needs in terms of achieving increased access to physical infrastructure for your country.\"}]},{\"@type\":\"WebSite\",\"@id\":\"https:\/\/surveys.ioc-cd.org\/#website\",\"url\":\"https:\/\/surveys.ioc-cd.org\/\",\"name\":\"Surveys for IOC-CD\",\"description\":\"IOC Capacity Development surveys results\",\"potentialAction\":[{\"@type\":\"SearchAction\",\"target\":{\"@type\":\"EntryPoint\",\"urlTemplate\":\"https:\/\/surveys.ioc-cd.org\/?s={search_term_string}\"},\"query-input\":{\"@type\":\"PropertyValueSpecification\",\"valueRequired\":true,\"valueName\":\"search_term_string\"}}],\"inLanguage\":\"en-US\"}]}<\/script>\n<!-- \/ Yoast SEO plugin. -->","yoast_head_json":{"title":"Question 6: Please rank the following capacity development needs in terms of achieving increased access to physical infrastructure for your country. - Surveys for IOC-CD","robots":{"index":"index","follow":"follow","max-snippet":"max-snippet:-1","max-image-preview":"max-image-preview:large","max-video-preview":"max-video-preview:-1"},"canonical":"https:\/\/surveys.ioc-cd.org\/index.php\/ioc-focal-points-question-2-3-in-your-opinion-how-important-are-the-following-in-terms-of-increased-access-to-physical-infrastructure-for-your-country-2\/","og_locale":"en_US","og_type":"article","og_title":"Question 6: Please rank the following capacity development needs in terms of achieving increased access to physical infrastructure for your country. - Surveys for IOC-CD","og_description":"Previous Page | Next Page Detailed report by country Country Institution\/Organization: Job Title: Gender: \u2022 Establishment and maintenance of a register of regional scientific research&nbsp;&nbsp;&nbsp;&nbsp;&nbsp;&nbsp;&nbsp;&nbsp;&nbsp;&nbsp;&nbsp;&nbsp;&nbsp;&nbsp;&nbsp;&nbsp;&nbsp;&nbsp;&nbsp;&nbsp;&nbsp;&nbsp;&nbsp;&nbsp;&nbsp;&nbsp;&nbsp;&nbsp;&nbsp;&nbsp;&nbsp;&nbsp;&nbsp;&nbsp;&nbsp;&nbsp;&nbsp;&nbsp;&nbsp;&nbsp;infrastructure&#8230;","og_url":"https:\/\/surveys.ioc-cd.org\/index.php\/ioc-focal-points-question-2-3-in-your-opinion-how-important-are-the-following-in-terms-of-increased-access-to-physical-infrastructure-for-your-country-2\/","og_site_name":"Surveys for IOC-CD","article_modified_time":"2023-06-19T20:14:27+00:00","og_image":[{"url":"https:\/\/surveys.ioc-cd.org\/wp-content\/uploads\/2023\/05\/image-20.png","type":"","width":"","height":""}],"twitter_card":"summary_large_image","twitter_misc":{"Est. reading time":"4 minutes"},"schema":{"@context":"https:\/\/schema.org","@graph":[{"@type":"WebPage","@id":"https:\/\/surveys.ioc-cd.org\/index.php\/ioc-focal-points-question-2-3-in-your-opinion-how-important-are-the-following-in-terms-of-increased-access-to-physical-infrastructure-for-your-country-2\/","url":"https:\/\/surveys.ioc-cd.org\/index.php\/ioc-focal-points-question-2-3-in-your-opinion-how-important-are-the-following-in-terms-of-increased-access-to-physical-infrastructure-for-your-country-2\/","name":"Question 6: Please rank the following capacity development needs in terms of achieving increased access to physical infrastructure for your country. - Surveys for IOC-CD","isPartOf":{"@id":"https:\/\/surveys.ioc-cd.org\/#website"},"primaryImageOfPage":{"@id":"https:\/\/surveys.ioc-cd.org\/index.php\/ioc-focal-points-question-2-3-in-your-opinion-how-important-are-the-following-in-terms-of-increased-access-to-physical-infrastructure-for-your-country-2\/#primaryimage"},"image":{"@id":"https:\/\/surveys.ioc-cd.org\/index.php\/ioc-focal-points-question-2-3-in-your-opinion-how-important-are-the-following-in-terms-of-increased-access-to-physical-infrastructure-for-your-country-2\/#primaryimage"},"thumbnailUrl":"https:\/\/surveys.ioc-cd.org\/wp-content\/uploads\/2023\/05\/image-20.png","datePublished":"2021-03-25T19:07:46+00:00","dateModified":"2023-06-19T20:14:27+00:00","breadcrumb":{"@id":"https:\/\/surveys.ioc-cd.org\/index.php\/ioc-focal-points-question-2-3-in-your-opinion-how-important-are-the-following-in-terms-of-increased-access-to-physical-infrastructure-for-your-country-2\/#breadcrumb"},"inLanguage":"en-US","potentialAction":[{"@type":"ReadAction","target":["https:\/\/surveys.ioc-cd.org\/index.php\/ioc-focal-points-question-2-3-in-your-opinion-how-important-are-the-following-in-terms-of-increased-access-to-physical-infrastructure-for-your-country-2\/"]}]},{"@type":"ImageObject","inLanguage":"en-US","@id":"https:\/\/surveys.ioc-cd.org\/index.php\/ioc-focal-points-question-2-3-in-your-opinion-how-important-are-the-following-in-terms-of-increased-access-to-physical-infrastructure-for-your-country-2\/#primaryimage","url":"https:\/\/surveys.ioc-cd.org\/wp-content\/uploads\/2023\/05\/image-20.png","contentUrl":"https:\/\/surveys.ioc-cd.org\/wp-content\/uploads\/2023\/05\/image-20.png","width":1002,"height":574},{"@type":"BreadcrumbList","@id":"https:\/\/surveys.ioc-cd.org\/index.php\/ioc-focal-points-question-2-3-in-your-opinion-how-important-are-the-following-in-terms-of-increased-access-to-physical-infrastructure-for-your-country-2\/#breadcrumb","itemListElement":[{"@type":"ListItem","position":1,"name":"Home","item":"https:\/\/surveys.ioc-cd.org\/"},{"@type":"ListItem","position":2,"name":"Question 6: Please rank the following capacity development needs in terms of achieving increased access to physical infrastructure for your country."}]},{"@type":"WebSite","@id":"https:\/\/surveys.ioc-cd.org\/#website","url":"https:\/\/surveys.ioc-cd.org\/","name":"Surveys for IOC-CD","description":"IOC Capacity Development surveys results","potentialAction":[{"@type":"SearchAction","target":{"@type":"EntryPoint","urlTemplate":"https:\/\/surveys.ioc-cd.org\/?s={search_term_string}"},"query-input":{"@type":"PropertyValueSpecification","valueRequired":true,"valueName":"search_term_string"}}],"inLanguage":"en-US"}]}},"_links":{"self":[{"href":"https:\/\/surveys.ioc-cd.org\/index.php\/wp-json\/wp\/v2\/pages\/3558","targetHints":{"allow":["GET"]}}],"collection":[{"href":"https:\/\/surveys.ioc-cd.org\/index.php\/wp-json\/wp\/v2\/pages"}],"about":[{"href":"https:\/\/surveys.ioc-cd.org\/index.php\/wp-json\/wp\/v2\/types\/page"}],"author":[{"embeddable":true,"href":"https:\/\/surveys.ioc-cd.org\/index.php\/wp-json\/wp\/v2\/users\/2"}],"replies":[{"embeddable":true,"href":"https:\/\/surveys.ioc-cd.org\/index.php\/wp-json\/wp\/v2\/comments?post=3558"}],"version-history":[{"count":14,"href":"https:\/\/surveys.ioc-cd.org\/index.php\/wp-json\/wp\/v2\/pages\/3558\/revisions"}],"predecessor-version":[{"id":3802,"href":"https:\/\/surveys.ioc-cd.org\/index.php\/wp-json\/wp\/v2\/pages\/3558\/revisions\/3802"}],"wp:attachment":[{"href":"https:\/\/surveys.ioc-cd.org\/index.php\/wp-json\/wp\/v2\/media?parent=3558"}],"curies":[{"name":"wp","href":"https:\/\/api.w.org\/{rel}","templated":true}]}}