{"id":3619,"date":"2021-03-25T19:15:55","date_gmt":"2021-03-25T19:15:55","guid":{"rendered":"https:\/\/surveys.ioc-cd.org\/index.php\/ioc-focal-points-question-2-6-in-your-opinion-how-useful-are-the-following-in-terms-of-increasing-visibility-and-awareness-of-ocean-research-in-your-country-2\/"},"modified":"2023-06-19T20:20:38","modified_gmt":"2023-06-19T20:20:38","slug":"ioc-focal-points-question-9-please-rank-the-following-cd-needs-in-terms-of-increasing-visibility-and-awareness-of-ocean-research-in-your-country","status":"publish","type":"page","link":"https:\/\/surveys.ioc-cd.org\/index.php\/ioc-focal-points-question-9-please-rank-the-following-cd-needs-in-terms-of-increasing-visibility-and-awareness-of-ocean-research-in-your-country\/","title":{"rendered":"Question 9: Please rank the following CD needs in terms of increasing visibility and awareness of ocean research in your country."},"content":{"rendered":"\n<p class=\"has-text-align-right\"><strong><a href=\"https:\/\/surveys.ioc-cd.org\/index.php\/ioc-focal-points-question-2-5-in-your-opinion-how-useful-are-the-following-in-terms-of-development-of-ocean-research-policies-in-support-of-sustainable-development-in-your-country-2\/\">Previous Page<\/a> | <a href=\"https:\/\/surveys.ioc-cd.org\/index.php\/ioc-focal-points-question-2-7-in-your-opinion-how-useful-are-the-following-in-terms-of-mobilising-sustained-long-term-resources-in-your-country-2\/\">Next Page<\/a><\/strong><\/p>\n\n\n<div class=\"wp-block-image\">\n<figure class=\"aligncenter size-full is-resized\"><img loading=\"lazy\" decoding=\"async\" src=\"https:\/\/surveys.ioc-cd.org\/wp-content\/uploads\/2023\/05\/image-30.png\" alt=\"\" class=\"wp-image-3731\" width=\"662\" height=\"378\" srcset=\"https:\/\/surveys.ioc-cd.org\/wp-content\/uploads\/2023\/05\/image-30.png 882w, https:\/\/surveys.ioc-cd.org\/wp-content\/uploads\/2023\/05\/image-30-300x171.png 300w, https:\/\/surveys.ioc-cd.org\/wp-content\/uploads\/2023\/05\/image-30-768x439.png 768w\" sizes=\"auto, (max-width: 662px) 100vw, 662px\" \/><\/figure>\n<\/div>\n\n<div class=\"wp-block-image\">\n<figure class=\"aligncenter size-large is-resized\"><img loading=\"lazy\" decoding=\"async\" src=\"https:\/\/surveys.ioc-cd.org\/wp-content\/uploads\/2023\/05\/image-32-1024x179.png\" alt=\"\" class=\"wp-image-3733\" width=\"768\" height=\"134\" srcset=\"https:\/\/surveys.ioc-cd.org\/wp-content\/uploads\/2023\/05\/image-32-1024x179.png 1024w, https:\/\/surveys.ioc-cd.org\/wp-content\/uploads\/2023\/05\/image-32-300x52.png 300w, https:\/\/surveys.ioc-cd.org\/wp-content\/uploads\/2023\/05\/image-32-768x134.png 768w, https:\/\/surveys.ioc-cd.org\/wp-content\/uploads\/2023\/05\/image-32.png 1224w\" sizes=\"auto, (max-width: 768px) 100vw, 768px\" \/><\/figure>\n<\/div>\n\n\n<figure class=\"wp-block-gallery aligncenter has-nested-images columns-default wp-block-gallery-1 is-layout-flex wp-block-gallery-is-layout-flex\">\n<figure class=\"wp-block-image size-large\"><img loading=\"lazy\" decoding=\"async\" width=\"906\" height=\"50\" data-id=\"1790\" src=\"https:\/\/surveys.ioc-cd.org\/wp-content\/uploads\/2021\/04\/legend-use-1.jpg\" alt=\"\" class=\"wp-image-1790\" srcset=\"https:\/\/surveys.ioc-cd.org\/wp-content\/uploads\/2021\/04\/legend-use-1.jpg 906w, https:\/\/surveys.ioc-cd.org\/wp-content\/uploads\/2021\/04\/legend-use-1-300x17.jpg 300w, https:\/\/surveys.ioc-cd.org\/wp-content\/uploads\/2021\/04\/legend-use-1-768x42.jpg 768w\" sizes=\"auto, (max-width: 906px) 100vw, 906px\" \/><\/figure>\n<\/figure>\n\n\n\n<figure class=\"wp-block-table\"><table><tbody><tr><td><strong>Country<\/strong><\/td><td><strong>Institution\/Organization:<\/strong><\/td><td><strong>Job Title:<\/strong><\/td><td><strong>Gender:<\/strong><\/td><td><strong>\u2022 Support for development of effective public communication in ocean research institutions<\/strong><\/td><td><strong>\u2022 Technical training for ocean science communication<\/strong><\/td><td><strong>\u2022 Support for communicating ocean science research to policy makers<\/strong><\/td><td><strong>\u2022 Development of an IOC ocean literacy \u2018community of practice\u2019 to share experience within and across regions<\/strong><\/td><\/tr><tr><td>Chile<\/td><td>Directorate of Maritime Interest and Aquatic Environment<\/td><td>Head Department Aquatic Environment Protection,&nbsp;&nbsp;Pollution Response and Climate Change<\/td><td>male<\/td><td>Of Some Importance<\/td><td>Very Important<\/td><td>Very Important<\/td><td>Very Important<\/td><\/tr><tr><td>Colombia<\/td><td>Colombian Ocean Commission&nbsp;<\/td><td>Executive Secretary and Antarctic Program Director&nbsp;<\/td><td>Male<\/td><td>Very Important<\/td><td>Essential<\/td><td>Essential<\/td><td>Very Important<\/td><\/tr><tr><td>Ecuador<\/td><td>INSTITUTO OCEANOGRAFICO Y ANTARTICO DE LA ARMADA<\/td><td>INVESTIGADOR OCEANOGRAFICO<\/td><td>FEMALE<\/td><td>Essential<\/td><td>Very Important<\/td><td>Essential<\/td><td>Very Important<\/td><\/tr><tr><td>Ecuatorial Guinea&nbsp;<\/td><td>Ministry of Fisheries and Water Resources<\/td><td>Geological engineer<\/td><td>Female<\/td><td>Not Necessary<\/td><td>Not Necessary<\/td><td>Not Necessary<\/td><td>Not Necessary<\/td><\/tr><tr><td>Egypt<\/td><td>National Institute of Oceanography and Fisheries<\/td><td>Prof. of Marine Pollution<\/td><td>Female<\/td><td>Essential<\/td><td>Very Important<\/td><td>Very Important<\/td><td>Essential<\/td><\/tr><tr><td>Estonia<\/td><td>Ministry of the Environment<\/td><td>Adviser<\/td><td>Female<\/td><td>Very Important<\/td><td>Very Important<\/td><td>Very Important<\/td><td>Very Important<\/td><\/tr><tr><td>France<\/td><td>Minist\u00e8re de la Transition Ecologique et de la Coh\u00e9sion des Territoires<\/td><td>Secr\u00e9tariat du Comit\u00e9 national fran\u00e7ais pour la COI<\/td><td>Female<\/td><td>Very Important<\/td><td>Not Important<\/td><td>Very Important<\/td><td>Of Some Importance<\/td><\/tr><tr><td>Ghana<\/td><td>Council for Scientific and Industrial Research (CSIR) -Water Research Institute<\/td><td>Director<\/td><td>Male<\/td><td>Essential<\/td><td>Essential<\/td><td>Essential<\/td><td>Essential<\/td><\/tr><tr><td>Honduras<\/td><td>National Center of Atmospheric, Ocanic and Seismic Studies<\/td><td>Director&nbsp;<\/td><td>Male<\/td><td>Very Important<\/td><td>Very Important<\/td><td>Essential<\/td><td>Very Important<\/td><\/tr><tr><td>India<\/td><td>INCOIS<\/td><td>Director<\/td><td>Male<\/td><td>Not Necessary<\/td><td>Not Important<\/td><td>Not Important<\/td><td>Not Important<\/td><\/tr><tr><td>Japan<\/td><td>Ministry of Education, Culture, Sports, Science and Technology (MEXT)&nbsp;<\/td><td>Director for Deep Sea-Earth Scientific Research<\/td><td>Male<\/td><td><\/td><td><\/td><td><\/td><td>Of Some Importance<\/td><\/tr><tr><td>Kuwait<\/td><td>Kuwait Institute for Scientific Research<\/td><td>Principal Research Scentist<\/td><td>Female<\/td><td>Essential<\/td><td>Essential<\/td><td>Essential<\/td><td>Essential<\/td><\/tr><tr><td>Myanmar<\/td><td>Department of Meteorology and Hydrology<\/td><td>Deputy Director<\/td><td>Male<\/td><td>Not Important<\/td><td>Of Some Importance<\/td><td>Not Important<\/td><td>Not Important<\/td><\/tr><tr><td>Poland<\/td><td>Institute of Oceanology Polish Academy of Sciences<\/td><td>Deputy Director for Reserch<\/td><td>male<\/td><td>Very Important<\/td><td>Of Some Importance<\/td><td>Essential<\/td><td>Of Some Importance<\/td><\/tr><tr><td>Tanzania, United Republic of,<\/td><td>Institute of Marine Sciences, University of Dar es Salaam<\/td><td>Professor<\/td><td>Male<\/td><td>Essential<\/td><td>Essential<\/td><td>Essential<\/td><td>Essential<\/td><\/tr><tr><td>Venezuela<\/td><td>Instituto Venezolano de Investigaciones Cient\u00edficas (IVIC)<\/td><td>Research Staff<\/td><td>Female<\/td><td>Very Important<\/td><td>Very Important<\/td><td>Essential<\/td><td>Essential<\/td><\/tr><\/tbody><\/table><\/figure>\n","protected":false},"excerpt":{"rendered":"<p>Previous Page | Next Page Country Institution\/Organization: Job Title: Gender: \u2022 Support for development of effective public communication in ocean research institutions \u2022 Technical training&#8230;<\/p>\n<div class=\"more-link-wrapper\"><a class=\"more-link\" href=\"https:\/\/surveys.ioc-cd.org\/index.php\/ioc-focal-points-question-9-please-rank-the-following-cd-needs-in-terms-of-increasing-visibility-and-awareness-of-ocean-research-in-your-country\/\">Continue reading<span class=\"screen-reader-text\">Question 9: Please rank the following CD needs in terms of increasing visibility and awareness of ocean research in your country.<\/span><\/a><\/div>\n","protected":false},"author":3,"featured_media":0,"parent":0,"menu_order":0,"comment_status":"closed","ping_status":"closed","template":"templates\/full-width.php","meta":{"footnotes":""},"class_list":["post-3619","page","type-page","status-publish","hentry","entry"],"yoast_head":"<!-- This site is optimized with the Yoast SEO plugin v27.2 - https:\/\/yoast.com\/product\/yoast-seo-wordpress\/ -->\n<title>Question 9: Please rank the following CD needs in terms of increasing visibility and awareness of ocean research in your country. - Surveys for IOC-CD<\/title>\n<meta name=\"robots\" content=\"index, follow, max-snippet:-1, max-image-preview:large, max-video-preview:-1\" \/>\n<link rel=\"canonical\" href=\"https:\/\/surveys.ioc-cd.org\/index.php\/ioc-focal-points-question-9-please-rank-the-following-cd-needs-in-terms-of-increasing-visibility-and-awareness-of-ocean-research-in-your-country\/\" \/>\n<meta property=\"og:locale\" content=\"en_US\" \/>\n<meta property=\"og:type\" content=\"article\" \/>\n<meta property=\"og:title\" content=\"Question 9: Please rank the following CD needs in terms of increasing visibility and awareness of ocean research in your country. - Surveys for IOC-CD\" \/>\n<meta property=\"og:description\" content=\"Previous Page | Next Page Country Institution\/Organization: Job Title: Gender: \u2022 Support for development of effective public communication in ocean research institutions \u2022 Technical training&#8230;\" \/>\n<meta property=\"og:url\" content=\"https:\/\/surveys.ioc-cd.org\/index.php\/ioc-focal-points-question-9-please-rank-the-following-cd-needs-in-terms-of-increasing-visibility-and-awareness-of-ocean-research-in-your-country\/\" \/>\n<meta property=\"og:site_name\" content=\"Surveys for IOC-CD\" \/>\n<meta property=\"article:modified_time\" content=\"2023-06-19T20:20:38+00:00\" \/>\n<meta property=\"og:image\" content=\"https:\/\/surveys.ioc-cd.org\/wp-content\/uploads\/2023\/05\/image-30.png\" \/>\n<meta name=\"twitter:card\" content=\"summary_large_image\" \/>\n<meta name=\"twitter:label1\" content=\"Est. reading time\" \/>\n\t<meta name=\"twitter:data1\" content=\"3 minutes\" \/>\n<script type=\"application\/ld+json\" class=\"yoast-schema-graph\">{\"@context\":\"https:\/\/schema.org\",\"@graph\":[{\"@type\":\"WebPage\",\"@id\":\"https:\/\/surveys.ioc-cd.org\/index.php\/ioc-focal-points-question-9-please-rank-the-following-cd-needs-in-terms-of-increasing-visibility-and-awareness-of-ocean-research-in-your-country\/\",\"url\":\"https:\/\/surveys.ioc-cd.org\/index.php\/ioc-focal-points-question-9-please-rank-the-following-cd-needs-in-terms-of-increasing-visibility-and-awareness-of-ocean-research-in-your-country\/\",\"name\":\"Question 9: Please rank the following CD needs in terms of increasing visibility and awareness of ocean research in your country. - Surveys for IOC-CD\",\"isPartOf\":{\"@id\":\"https:\/\/surveys.ioc-cd.org\/#website\"},\"primaryImageOfPage\":{\"@id\":\"https:\/\/surveys.ioc-cd.org\/index.php\/ioc-focal-points-question-9-please-rank-the-following-cd-needs-in-terms-of-increasing-visibility-and-awareness-of-ocean-research-in-your-country\/#primaryimage\"},\"image\":{\"@id\":\"https:\/\/surveys.ioc-cd.org\/index.php\/ioc-focal-points-question-9-please-rank-the-following-cd-needs-in-terms-of-increasing-visibility-and-awareness-of-ocean-research-in-your-country\/#primaryimage\"},\"thumbnailUrl\":\"https:\/\/surveys.ioc-cd.org\/wp-content\/uploads\/2023\/05\/image-30.png\",\"datePublished\":\"2021-03-25T19:15:55+00:00\",\"dateModified\":\"2023-06-19T20:20:38+00:00\",\"breadcrumb\":{\"@id\":\"https:\/\/surveys.ioc-cd.org\/index.php\/ioc-focal-points-question-9-please-rank-the-following-cd-needs-in-terms-of-increasing-visibility-and-awareness-of-ocean-research-in-your-country\/#breadcrumb\"},\"inLanguage\":\"en-US\",\"potentialAction\":[{\"@type\":\"ReadAction\",\"target\":[\"https:\/\/surveys.ioc-cd.org\/index.php\/ioc-focal-points-question-9-please-rank-the-following-cd-needs-in-terms-of-increasing-visibility-and-awareness-of-ocean-research-in-your-country\/\"]}]},{\"@type\":\"ImageObject\",\"inLanguage\":\"en-US\",\"@id\":\"https:\/\/surveys.ioc-cd.org\/index.php\/ioc-focal-points-question-9-please-rank-the-following-cd-needs-in-terms-of-increasing-visibility-and-awareness-of-ocean-research-in-your-country\/#primaryimage\",\"url\":\"https:\/\/surveys.ioc-cd.org\/wp-content\/uploads\/2023\/05\/image-30.png\",\"contentUrl\":\"https:\/\/surveys.ioc-cd.org\/wp-content\/uploads\/2023\/05\/image-30.png\",\"width\":882,\"height\":504},{\"@type\":\"BreadcrumbList\",\"@id\":\"https:\/\/surveys.ioc-cd.org\/index.php\/ioc-focal-points-question-9-please-rank-the-following-cd-needs-in-terms-of-increasing-visibility-and-awareness-of-ocean-research-in-your-country\/#breadcrumb\",\"itemListElement\":[{\"@type\":\"ListItem\",\"position\":1,\"name\":\"Home\",\"item\":\"https:\/\/surveys.ioc-cd.org\/\"},{\"@type\":\"ListItem\",\"position\":2,\"name\":\"Question 9: Please rank the following CD needs in terms of increasing visibility and awareness of ocean research in your country.\"}]},{\"@type\":\"WebSite\",\"@id\":\"https:\/\/surveys.ioc-cd.org\/#website\",\"url\":\"https:\/\/surveys.ioc-cd.org\/\",\"name\":\"Surveys for IOC-CD\",\"description\":\"IOC Capacity Development surveys results\",\"potentialAction\":[{\"@type\":\"SearchAction\",\"target\":{\"@type\":\"EntryPoint\",\"urlTemplate\":\"https:\/\/surveys.ioc-cd.org\/?s={search_term_string}\"},\"query-input\":{\"@type\":\"PropertyValueSpecification\",\"valueRequired\":true,\"valueName\":\"search_term_string\"}}],\"inLanguage\":\"en-US\"}]}<\/script>\n<!-- \/ Yoast SEO plugin. -->","yoast_head_json":{"title":"Question 9: Please rank the following CD needs in terms of increasing visibility and awareness of ocean research in your country. - Surveys for IOC-CD","robots":{"index":"index","follow":"follow","max-snippet":"max-snippet:-1","max-image-preview":"max-image-preview:large","max-video-preview":"max-video-preview:-1"},"canonical":"https:\/\/surveys.ioc-cd.org\/index.php\/ioc-focal-points-question-9-please-rank-the-following-cd-needs-in-terms-of-increasing-visibility-and-awareness-of-ocean-research-in-your-country\/","og_locale":"en_US","og_type":"article","og_title":"Question 9: Please rank the following CD needs in terms of increasing visibility and awareness of ocean research in your country. - Surveys for IOC-CD","og_description":"Previous Page | Next Page Country Institution\/Organization: Job Title: Gender: \u2022 Support for development of effective public communication in ocean research institutions \u2022 Technical training&#8230;","og_url":"https:\/\/surveys.ioc-cd.org\/index.php\/ioc-focal-points-question-9-please-rank-the-following-cd-needs-in-terms-of-increasing-visibility-and-awareness-of-ocean-research-in-your-country\/","og_site_name":"Surveys for IOC-CD","article_modified_time":"2023-06-19T20:20:38+00:00","og_image":[{"url":"https:\/\/surveys.ioc-cd.org\/wp-content\/uploads\/2023\/05\/image-30.png","type":"","width":"","height":""}],"twitter_card":"summary_large_image","twitter_misc":{"Est. reading time":"3 minutes"},"schema":{"@context":"https:\/\/schema.org","@graph":[{"@type":"WebPage","@id":"https:\/\/surveys.ioc-cd.org\/index.php\/ioc-focal-points-question-9-please-rank-the-following-cd-needs-in-terms-of-increasing-visibility-and-awareness-of-ocean-research-in-your-country\/","url":"https:\/\/surveys.ioc-cd.org\/index.php\/ioc-focal-points-question-9-please-rank-the-following-cd-needs-in-terms-of-increasing-visibility-and-awareness-of-ocean-research-in-your-country\/","name":"Question 9: Please rank the following CD needs in terms of increasing visibility and awareness of ocean research in your country. - Surveys for IOC-CD","isPartOf":{"@id":"https:\/\/surveys.ioc-cd.org\/#website"},"primaryImageOfPage":{"@id":"https:\/\/surveys.ioc-cd.org\/index.php\/ioc-focal-points-question-9-please-rank-the-following-cd-needs-in-terms-of-increasing-visibility-and-awareness-of-ocean-research-in-your-country\/#primaryimage"},"image":{"@id":"https:\/\/surveys.ioc-cd.org\/index.php\/ioc-focal-points-question-9-please-rank-the-following-cd-needs-in-terms-of-increasing-visibility-and-awareness-of-ocean-research-in-your-country\/#primaryimage"},"thumbnailUrl":"https:\/\/surveys.ioc-cd.org\/wp-content\/uploads\/2023\/05\/image-30.png","datePublished":"2021-03-25T19:15:55+00:00","dateModified":"2023-06-19T20:20:38+00:00","breadcrumb":{"@id":"https:\/\/surveys.ioc-cd.org\/index.php\/ioc-focal-points-question-9-please-rank-the-following-cd-needs-in-terms-of-increasing-visibility-and-awareness-of-ocean-research-in-your-country\/#breadcrumb"},"inLanguage":"en-US","potentialAction":[{"@type":"ReadAction","target":["https:\/\/surveys.ioc-cd.org\/index.php\/ioc-focal-points-question-9-please-rank-the-following-cd-needs-in-terms-of-increasing-visibility-and-awareness-of-ocean-research-in-your-country\/"]}]},{"@type":"ImageObject","inLanguage":"en-US","@id":"https:\/\/surveys.ioc-cd.org\/index.php\/ioc-focal-points-question-9-please-rank-the-following-cd-needs-in-terms-of-increasing-visibility-and-awareness-of-ocean-research-in-your-country\/#primaryimage","url":"https:\/\/surveys.ioc-cd.org\/wp-content\/uploads\/2023\/05\/image-30.png","contentUrl":"https:\/\/surveys.ioc-cd.org\/wp-content\/uploads\/2023\/05\/image-30.png","width":882,"height":504},{"@type":"BreadcrumbList","@id":"https:\/\/surveys.ioc-cd.org\/index.php\/ioc-focal-points-question-9-please-rank-the-following-cd-needs-in-terms-of-increasing-visibility-and-awareness-of-ocean-research-in-your-country\/#breadcrumb","itemListElement":[{"@type":"ListItem","position":1,"name":"Home","item":"https:\/\/surveys.ioc-cd.org\/"},{"@type":"ListItem","position":2,"name":"Question 9: Please rank the following CD needs in terms of increasing visibility and awareness of ocean research in your country."}]},{"@type":"WebSite","@id":"https:\/\/surveys.ioc-cd.org\/#website","url":"https:\/\/surveys.ioc-cd.org\/","name":"Surveys for IOC-CD","description":"IOC Capacity Development surveys results","potentialAction":[{"@type":"SearchAction","target":{"@type":"EntryPoint","urlTemplate":"https:\/\/surveys.ioc-cd.org\/?s={search_term_string}"},"query-input":{"@type":"PropertyValueSpecification","valueRequired":true,"valueName":"search_term_string"}}],"inLanguage":"en-US"}]}},"_links":{"self":[{"href":"https:\/\/surveys.ioc-cd.org\/index.php\/wp-json\/wp\/v2\/pages\/3619","targetHints":{"allow":["GET"]}}],"collection":[{"href":"https:\/\/surveys.ioc-cd.org\/index.php\/wp-json\/wp\/v2\/pages"}],"about":[{"href":"https:\/\/surveys.ioc-cd.org\/index.php\/wp-json\/wp\/v2\/types\/page"}],"author":[{"embeddable":true,"href":"https:\/\/surveys.ioc-cd.org\/index.php\/wp-json\/wp\/v2\/users\/3"}],"replies":[{"embeddable":true,"href":"https:\/\/surveys.ioc-cd.org\/index.php\/wp-json\/wp\/v2\/comments?post=3619"}],"version-history":[{"count":10,"href":"https:\/\/surveys.ioc-cd.org\/index.php\/wp-json\/wp\/v2\/pages\/3619\/revisions"}],"predecessor-version":[{"id":3805,"href":"https:\/\/surveys.ioc-cd.org\/index.php\/wp-json\/wp\/v2\/pages\/3619\/revisions\/3805"}],"wp:attachment":[{"href":"https:\/\/surveys.ioc-cd.org\/index.php\/wp-json\/wp\/v2\/media?parent=3619"}],"curies":[{"name":"wp","href":"https:\/\/api.w.org\/{rel}","templated":true}]}}